{"id":18394,"date":"2024-03-10T11:20:27","date_gmt":"2024-03-10T10:20:27","guid":{"rendered":"https:\/\/www.promotio.sk\/shop\/nezaraden\u00e9\/bulnes\/"},"modified":"2024-03-10T21:47:20","modified_gmt":"2024-03-10T20:47:20","slug":"bulnes","status":"publish","type":"product","link":"https:\/\/www.promotio.sk\/sk\/shop\/promo-clothing\/visor-caps-hats\/hats\/bulnes\/","title":{"rendered":"BULNES"},"content":{"rendered":"<p>Reklamn\u00e1 \u010diapka z dvojvrstvov\u00e9ho akrylu. Zodpovedaj\u00face predn\u00e9 zahnutie, ide\u00e1lne na zna\u010denie.<br \/>\n<br \/>Zlo\u017eenie: Polyester<\/p>","protected":false},"excerpt":{"rendered":"<p>Promotional beanie hat in double-layer acrylic. Matching front turn-up, ideal for marking. Composition: Polyester<\/p>","protected":false},"featured_media":18395,"comment_status":"open","ping_status":"closed","template":"","meta":[],"product_cat":[377,23,431],"product_tag":[],"class_list":{"0":"post-18394","1":"product","2":"type-product","3":"status-publish","4":"has-post-thumbnail","6":"product_cat-hats","7":"product_cat-promo-clothing","8":"product_cat-visor-caps-hats","10":"first","11":"instock","12":"shipping-taxable","13":"purchasable","14":"product-type-variable"},"_links":{"self":[{"href":"https:\/\/www.promotio.sk\/sk\/wp-json\/wp\/v2\/product\/18394","targetHints":{"allow":["GET"]}}],"collection":[{"href":"https:\/\/www.promotio.sk\/sk\/wp-json\/wp\/v2\/product"}],"about":[{"href":"https:\/\/www.promotio.sk\/sk\/wp-json\/wp\/v2\/types\/product"}],"replies":[{"embeddable":true,"href":"https:\/\/www.promotio.sk\/sk\/wp-json\/wp\/v2\/comments?post=18394"}],"wp:featuredmedia":[{"embeddable":true,"href":"https:\/\/www.promotio.sk\/sk\/wp-json\/wp\/v2\/media\/18395"}],"wp:attachment":[{"href":"https:\/\/www.promotio.sk\/sk\/wp-json\/wp\/v2\/media?parent=18394"}],"wp:term":[{"taxonomy":"product_cat","embeddable":true,"href":"https:\/\/www.promotio.sk\/sk\/wp-json\/wp\/v2\/product_cat?post=18394"},{"taxonomy":"product_tag","embeddable":true,"href":"https:\/\/www.promotio.sk\/sk\/wp-json\/wp\/v2\/product_tag?post=18394"}],"curies":[{"name":"wp","href":"https:\/\/api.w.org\/{rel}","templated":true}]}}