{"id":18392,"date":"2024-03-10T11:20:22","date_gmt":"2024-03-10T10:20:22","guid":{"rendered":"https:\/\/www.promotio.sk\/shop\/nezaraden\u00e9\/delun\/"},"modified":"2024-03-10T21:51:47","modified_gmt":"2024-03-10T20:51:47","slug":"delun","status":"publish","type":"product","link":"https:\/\/www.promotio.sk\/sk\/shop\/promo-clothing\/neckwarm-headband\/delun\/","title":{"rendered":"DELUN"},"content":{"rendered":"<p>Multifunk\u010dn\u00fd n\u00e1kr\u010dn\u00edk na ka\u017edodenn\u00e9 pou\u017eitie zo 150 gsm organickej bavlny.<br \/>Zlo\u017eenie: organick\u00e1 bavlna.<\/p>","protected":false},"excerpt":{"rendered":"<p>Multifunctional neckwarmer for everyday use in 150 gsm organic cotton.Composition: Organic cotton.<\/p>","protected":false},"featured_media":18393,"comment_status":"open","ping_status":"closed","template":"","meta":[],"product_cat":[437,23],"product_tag":[],"class_list":{"0":"post-18392","1":"product","2":"type-product","3":"status-publish","4":"has-post-thumbnail","6":"product_cat-neckwarm-headband","7":"product_cat-promo-clothing","9":"first","10":"instock","11":"shipping-taxable","12":"purchasable","13":"product-type-variable"},"_links":{"self":[{"href":"https:\/\/www.promotio.sk\/sk\/wp-json\/wp\/v2\/product\/18392","targetHints":{"allow":["GET"]}}],"collection":[{"href":"https:\/\/www.promotio.sk\/sk\/wp-json\/wp\/v2\/product"}],"about":[{"href":"https:\/\/www.promotio.sk\/sk\/wp-json\/wp\/v2\/types\/product"}],"replies":[{"embeddable":true,"href":"https:\/\/www.promotio.sk\/sk\/wp-json\/wp\/v2\/comments?post=18392"}],"wp:featuredmedia":[{"embeddable":true,"href":"https:\/\/www.promotio.sk\/sk\/wp-json\/wp\/v2\/media\/18393"}],"wp:attachment":[{"href":"https:\/\/www.promotio.sk\/sk\/wp-json\/wp\/v2\/media?parent=18392"}],"wp:term":[{"taxonomy":"product_cat","embeddable":true,"href":"https:\/\/www.promotio.sk\/sk\/wp-json\/wp\/v2\/product_cat?post=18392"},{"taxonomy":"product_tag","embeddable":true,"href":"https:\/\/www.promotio.sk\/sk\/wp-json\/wp\/v2\/product_tag?post=18392"}],"curies":[{"name":"wp","href":"https:\/\/api.w.org\/{rel}","templated":true}]}}