{"id":18352,"date":"2024-03-10T11:17:32","date_gmt":"2024-03-10T10:17:32","guid":{"rendered":"https:\/\/www.promotio.sk\/shop\/nezaraden\u00e9\/nanuk\/"},"modified":"2024-03-10T21:52:08","modified_gmt":"2024-03-10T20:52:08","slug":"nanuk","status":"publish","type":"product","link":"https:\/\/www.promotio.sk\/sk\/shop\/promo-clothing\/neckwarm-headband\/nanuk\/","title":{"rendered":"NANUK"},"content":{"rendered":"<p>Multifunk\u010dn\u00fd n\u00e1kr\u010dn\u00edk rovn\u00e9ho strihu v r\u00farkovom preveden\u00ed. 100% bavlnen\u00fd dotykov\u00fd polyester (130 gsm).<br \/>Zlo\u017eenie: 100% polyester, bavlnen\u00fd dotyk, 130 gsm.<br \/>Pozn\u00e1mky: * Minim\u00e1lna predajn\u00e1 jednotka \u2013 kompletn\u00e9 balenie.<br \/>\nRozmery: 25 x 50 cm<\/p>","protected":false},"excerpt":{"rendered":"<p>Multifunctional neckwarmer in a straight-cut and tubular design. 100% cotton touch polyester (130 gsm).Composition: 100% polyester, cotton touch, 130 gsm.Remarks:<\/p>","protected":false},"featured_media":18353,"comment_status":"open","ping_status":"closed","template":"","meta":[],"product_cat":[437,23],"product_tag":[],"class_list":{"0":"post-18352","1":"product","2":"type-product","3":"status-publish","4":"has-post-thumbnail","6":"product_cat-neckwarm-headband","7":"product_cat-promo-clothing","9":"first","10":"instock","11":"shipping-taxable","12":"purchasable","13":"product-type-variable"},"_links":{"self":[{"href":"https:\/\/www.promotio.sk\/sk\/wp-json\/wp\/v2\/product\/18352","targetHints":{"allow":["GET"]}}],"collection":[{"href":"https:\/\/www.promotio.sk\/sk\/wp-json\/wp\/v2\/product"}],"about":[{"href":"https:\/\/www.promotio.sk\/sk\/wp-json\/wp\/v2\/types\/product"}],"replies":[{"embeddable":true,"href":"https:\/\/www.promotio.sk\/sk\/wp-json\/wp\/v2\/comments?post=18352"}],"wp:featuredmedia":[{"embeddable":true,"href":"https:\/\/www.promotio.sk\/sk\/wp-json\/wp\/v2\/media\/18353"}],"wp:attachment":[{"href":"https:\/\/www.promotio.sk\/sk\/wp-json\/wp\/v2\/media?parent=18352"}],"wp:term":[{"taxonomy":"product_cat","embeddable":true,"href":"https:\/\/www.promotio.sk\/sk\/wp-json\/wp\/v2\/product_cat?post=18352"},{"taxonomy":"product_tag","embeddable":true,"href":"https:\/\/www.promotio.sk\/sk\/wp-json\/wp\/v2\/product_tag?post=18352"}],"curies":[{"name":"wp","href":"https:\/\/api.w.org\/{rel}","templated":true}]}}