{"id":18322,"date":"2024-03-10T11:15:46","date_gmt":"2024-03-10T10:15:46","guid":{"rendered":"https:\/\/www.promotio.sk\/shop\/nezaraden\u00e9\/glory\/"},"modified":"2024-03-10T21:52:54","modified_gmt":"2024-03-10T20:52:54","slug":"glory","status":"publish","type":"product","link":"https:\/\/www.promotio.sk\/sk\/shop\/promo-items\/sport_leisure\/blankets\/glory\/","title":{"rendered":"SL\u00c1VA"},"content":{"rendered":"<p>Deka v \u0161t\u00fdle Sherpa z 380 g\/m2 fleece. Vr\u00e1tane karti\u010dky na potla\u010d a zodpovedaj\u00facej farebnej stuhy.<\/p>","protected":false},"excerpt":{"rendered":"<p>Deka v \u0161t\u00fdle Sherpa z 380 g\/m2 fleece. Vr\u00e1tane karti\u010dky na potla\u010d a zodpovedaj\u00facej farebnej stuhy.<\/p>","protected":false},"featured_media":18323,"comment_status":"open","ping_status":"closed","template":"","meta":[],"product_cat":[439,412],"product_tag":[],"class_list":{"0":"post-18322","1":"product","2":"type-product","3":"status-publish","4":"has-post-thumbnail","6":"product_cat-blankets","7":"product_cat-sport_leisure","9":"first","10":"instock","11":"shipping-taxable","12":"purchasable","13":"product-type-variable"},"_links":{"self":[{"href":"https:\/\/www.promotio.sk\/sk\/wp-json\/wp\/v2\/product\/18322","targetHints":{"allow":["GET"]}}],"collection":[{"href":"https:\/\/www.promotio.sk\/sk\/wp-json\/wp\/v2\/product"}],"about":[{"href":"https:\/\/www.promotio.sk\/sk\/wp-json\/wp\/v2\/types\/product"}],"replies":[{"embeddable":true,"href":"https:\/\/www.promotio.sk\/sk\/wp-json\/wp\/v2\/comments?post=18322"}],"wp:featuredmedia":[{"embeddable":true,"href":"https:\/\/www.promotio.sk\/sk\/wp-json\/wp\/v2\/media\/18323"}],"wp:attachment":[{"href":"https:\/\/www.promotio.sk\/sk\/wp-json\/wp\/v2\/media?parent=18322"}],"wp:term":[{"taxonomy":"product_cat","embeddable":true,"href":"https:\/\/www.promotio.sk\/sk\/wp-json\/wp\/v2\/product_cat?post=18322"},{"taxonomy":"product_tag","embeddable":true,"href":"https:\/\/www.promotio.sk\/sk\/wp-json\/wp\/v2\/product_tag?post=18322"}],"curies":[{"name":"wp","href":"https:\/\/api.w.org\/{rel}","templated":true}]}}