{"id":18296,"date":"2024-03-10T11:14:22","date_gmt":"2024-03-10T10:14:22","guid":{"rendered":"https:\/\/www.promotio.sk\/shop\/nezaraden\u00e9\/bering\/"},"modified":"2024-03-10T21:53:49","modified_gmt":"2024-03-10T20:53:49","slug":"bering","status":"publish","type":"product","link":"https:\/\/www.promotio.sk\/sk\/shop\/promo-items\/sport_leisure\/blankets\/bering\/","title":{"rendered":"BERING"},"content":{"rendered":"<p>200 gsm hladk\u00e1 fleecov\u00e1 deka so zodpovedaj\u00facim vreckom. Na jednej strane \u00faprava proti \u017emolkovaniu. Obd\u013a\u017enikov\u00e9 vrecko vyroben\u00e9 z polyesterovej Oxford tkaniny a sie\u0165oviny s farebne ladiacim zipsom.<br \/>Zlo\u017eenie: 100% polyester.<br \/>Pozn\u00e1mky: Rozmery deky: 130 x 160 cm.<br \/>\nRozmery vrecka: 33 x 28 cm.<br \/>\nRozmery tla\u010dovej plochy na prednej strane vrecka: 33 x 18,5 cm.<\/p>","protected":false},"excerpt":{"rendered":"<p>200 gsm plain fleece blanket with matching pouch. Anti-pilling treatment on one side. Rectangular pouch made of polyester Oxford fabric<\/p>","protected":false},"featured_media":18297,"comment_status":"open","ping_status":"closed","template":"","meta":[],"product_cat":[439,412],"product_tag":[],"class_list":{"0":"post-18296","1":"product","2":"type-product","3":"status-publish","4":"has-post-thumbnail","6":"product_cat-blankets","7":"product_cat-sport_leisure","9":"first","10":"instock","11":"shipping-taxable","12":"purchasable","13":"product-type-variable"},"_links":{"self":[{"href":"https:\/\/www.promotio.sk\/sk\/wp-json\/wp\/v2\/product\/18296","targetHints":{"allow":["GET"]}}],"collection":[{"href":"https:\/\/www.promotio.sk\/sk\/wp-json\/wp\/v2\/product"}],"about":[{"href":"https:\/\/www.promotio.sk\/sk\/wp-json\/wp\/v2\/types\/product"}],"replies":[{"embeddable":true,"href":"https:\/\/www.promotio.sk\/sk\/wp-json\/wp\/v2\/comments?post=18296"}],"wp:featuredmedia":[{"embeddable":true,"href":"https:\/\/www.promotio.sk\/sk\/wp-json\/wp\/v2\/media\/18297"}],"wp:attachment":[{"href":"https:\/\/www.promotio.sk\/sk\/wp-json\/wp\/v2\/media?parent=18296"}],"wp:term":[{"taxonomy":"product_cat","embeddable":true,"href":"https:\/\/www.promotio.sk\/sk\/wp-json\/wp\/v2\/product_cat?post=18296"},{"taxonomy":"product_tag","embeddable":true,"href":"https:\/\/www.promotio.sk\/sk\/wp-json\/wp\/v2\/product_tag?post=18296"}],"curies":[{"name":"wp","href":"https:\/\/api.w.org\/{rel}","templated":true}]}}