{"id":18280,"date":"2024-03-10T11:13:08","date_gmt":"2024-03-10T10:13:08","guid":{"rendered":"https:\/\/www.promotio.sk\/shop\/nezaraden\u00e9\/lambert\/"},"modified":"2024-03-10T21:54:10","modified_gmt":"2024-03-10T20:54:10","slug":"lambert","status":"publish","type":"product","link":"https:\/\/www.promotio.sk\/sk\/shop\/promo-items\/sport_leisure\/blankets\/lambert\/","title":{"rendered":"LAMBERT"},"content":{"rendered":"<p>180 gsm hladk\u00e1 fleecov\u00e1 deka s proti\u017emolkovou \u00fapravou na jednej strane.<br \/>\n<br \/>Zlo\u017eenie: 100% polyester.<\/p>","protected":false},"excerpt":{"rendered":"<p>180 gsm plain fleece blanket with anti-pilling treatment on one side. Composition: 100% polyester.<\/p>","protected":false},"featured_media":18281,"comment_status":"open","ping_status":"closed","template":"","meta":[],"product_cat":[439,412],"product_tag":[],"class_list":{"0":"post-18280","1":"product","2":"type-product","3":"status-publish","4":"has-post-thumbnail","6":"product_cat-blankets","7":"product_cat-sport_leisure","9":"first","10":"instock","11":"shipping-taxable","12":"purchasable","13":"product-type-variable"},"_links":{"self":[{"href":"https:\/\/www.promotio.sk\/sk\/wp-json\/wp\/v2\/product\/18280","targetHints":{"allow":["GET"]}}],"collection":[{"href":"https:\/\/www.promotio.sk\/sk\/wp-json\/wp\/v2\/product"}],"about":[{"href":"https:\/\/www.promotio.sk\/sk\/wp-json\/wp\/v2\/types\/product"}],"replies":[{"embeddable":true,"href":"https:\/\/www.promotio.sk\/sk\/wp-json\/wp\/v2\/comments?post=18280"}],"wp:featuredmedia":[{"embeddable":true,"href":"https:\/\/www.promotio.sk\/sk\/wp-json\/wp\/v2\/media\/18281"}],"wp:attachment":[{"href":"https:\/\/www.promotio.sk\/sk\/wp-json\/wp\/v2\/media?parent=18280"}],"wp:term":[{"taxonomy":"product_cat","embeddable":true,"href":"https:\/\/www.promotio.sk\/sk\/wp-json\/wp\/v2\/product_cat?post=18280"},{"taxonomy":"product_tag","embeddable":true,"href":"https:\/\/www.promotio.sk\/sk\/wp-json\/wp\/v2\/product_tag?post=18280"}],"curies":[{"name":"wp","href":"https:\/\/api.w.org\/{rel}","templated":true}]}}