{"id":18255,"date":"2024-03-10T10:02:32","date_gmt":"2024-03-10T09:02:32","guid":{"rendered":"https:\/\/www.promotio.sk\/shop\/nezaraden\u00e9\/yaku\/"},"modified":"2024-03-10T11:07:58","modified_gmt":"2024-03-10T10:07:58","slug":"yaku","status":"publish","type":"product","link":"https:\/\/www.promotio.sk\/sk\/shop\/promo-items\/bags_travel\/umbrellas\/yaku\/","title":{"rendered":"YAKU"},"content":{"rendered":"<p>Skladac\u00ed d\u00e1\u017ednik so zodpovedaj\u00facim vreckom. Strieborn\u00e1 rukov\u00e4\u0165, rebr\u00e1 a koncov\u00e9 hroty. Zap\u00ednanie na such\u00fd zips a manu\u00e1lne otv\u00e1ranie. priemer 95 cm.<br \/>Zlo\u017eenie: 190T polyester, kov a plast.<\/p>","protected":false},"excerpt":{"rendered":"<p>Foldable umbrella with matching pouch. Silver handle, ribs and end tips. Velcro fastening and manual opening. 95 cm diameter.Composition: 190T<\/p>","protected":false},"featured_media":18256,"comment_status":"open","ping_status":"closed","template":"","meta":[],"product_cat":[298,407],"product_tag":[],"class_list":{"0":"post-18255","1":"product","2":"type-product","3":"status-publish","4":"has-post-thumbnail","6":"product_cat-bags_travel","7":"product_cat-umbrellas","9":"first","10":"instock","11":"shipping-taxable","12":"purchasable","13":"product-type-variable"},"_links":{"self":[{"href":"https:\/\/www.promotio.sk\/sk\/wp-json\/wp\/v2\/product\/18255","targetHints":{"allow":["GET"]}}],"collection":[{"href":"https:\/\/www.promotio.sk\/sk\/wp-json\/wp\/v2\/product"}],"about":[{"href":"https:\/\/www.promotio.sk\/sk\/wp-json\/wp\/v2\/types\/product"}],"replies":[{"embeddable":true,"href":"https:\/\/www.promotio.sk\/sk\/wp-json\/wp\/v2\/comments?post=18255"}],"wp:featuredmedia":[{"embeddable":true,"href":"https:\/\/www.promotio.sk\/sk\/wp-json\/wp\/v2\/media\/18256"}],"wp:attachment":[{"href":"https:\/\/www.promotio.sk\/sk\/wp-json\/wp\/v2\/media?parent=18255"}],"wp:term":[{"taxonomy":"product_cat","embeddable":true,"href":"https:\/\/www.promotio.sk\/sk\/wp-json\/wp\/v2\/product_cat?post=18255"},{"taxonomy":"product_tag","embeddable":true,"href":"https:\/\/www.promotio.sk\/sk\/wp-json\/wp\/v2\/product_tag?post=18255"}],"curies":[{"name":"wp","href":"https:\/\/api.w.org\/{rel}","templated":true}]}}