{"id":18230,"date":"2024-03-10T10:00:54","date_gmt":"2024-03-10T09:00:54","guid":{"rendered":"https:\/\/www.promotio.sk\/shop\/nezaraden\u00e9\/alariz\/"},"modified":"2024-03-10T11:08:29","modified_gmt":"2024-03-10T10:08:29","slug":"alariz","status":"publish","type":"product","link":"https:\/\/www.promotio.sk\/sk\/shop\/promo-items\/bags_travel\/umbrellas\/alariz\/","title":{"rendered":"ALARIZ"},"content":{"rendered":"<p>Skladac\u00ed d\u00e1\u017ednik s automatick\u00fdm otv\u00e1ran\u00edm a zatv\u00e1ran\u00edm. 190T vetruodoln\u00e1 pongee tkanina so zodpovedaj\u00facim vreckom. Bambusov\u00e1 rukov\u00e4\u0165 a bavlnen\u00fd remienok. Prezent\u00e1cia v ekologickom dizajnovom boxe.<br \/>Zlo\u017eenie: RPET<br \/>Pozn\u00e1mky: Presentaci\u00f3n en caja dise\u00f1o eco. <\/p>","protected":false},"excerpt":{"rendered":"<p>Foldable umbrella with auto opening-closing. 190T wind-proof pongee fabric with matching pouch. Bamboo handle and cotton strap. Presentation in eco<\/p>","protected":false},"featured_media":18231,"comment_status":"open","ping_status":"closed","template":"","meta":[],"product_cat":[298,407],"product_tag":[],"class_list":{"0":"post-18230","1":"product","2":"type-product","3":"status-publish","4":"has-post-thumbnail","6":"product_cat-bags_travel","7":"product_cat-umbrellas","9":"first","10":"instock","11":"shipping-taxable","12":"purchasable","13":"product-type-variable"},"_links":{"self":[{"href":"https:\/\/www.promotio.sk\/sk\/wp-json\/wp\/v2\/product\/18230","targetHints":{"allow":["GET"]}}],"collection":[{"href":"https:\/\/www.promotio.sk\/sk\/wp-json\/wp\/v2\/product"}],"about":[{"href":"https:\/\/www.promotio.sk\/sk\/wp-json\/wp\/v2\/types\/product"}],"replies":[{"embeddable":true,"href":"https:\/\/www.promotio.sk\/sk\/wp-json\/wp\/v2\/comments?post=18230"}],"wp:featuredmedia":[{"embeddable":true,"href":"https:\/\/www.promotio.sk\/sk\/wp-json\/wp\/v2\/media\/18231"}],"wp:attachment":[{"href":"https:\/\/www.promotio.sk\/sk\/wp-json\/wp\/v2\/media?parent=18230"}],"wp:term":[{"taxonomy":"product_cat","embeddable":true,"href":"https:\/\/www.promotio.sk\/sk\/wp-json\/wp\/v2\/product_cat?post=18230"},{"taxonomy":"product_tag","embeddable":true,"href":"https:\/\/www.promotio.sk\/sk\/wp-json\/wp\/v2\/product_tag?post=18230"}],"curies":[{"name":"wp","href":"https:\/\/api.w.org\/{rel}","templated":true}]}}