{"id":18199,"date":"2024-03-10T09:58:58","date_gmt":"2024-03-10T08:58:58","guid":{"rendered":"https:\/\/www.promotio.sk\/shop\/nezaraden\u00e9\/kodiak\/"},"modified":"2024-03-10T11:09:02","modified_gmt":"2024-03-10T10:09:02","slug":"kodiak","status":"publish","type":"product","link":"https:\/\/www.promotio.sk\/sk\/shop\/promo-items\/bags_travel\/umbrellas\/kodiak\/","title":{"rendered":"KODIAK"},"content":{"rendered":"<p>D\u00e1\u017ednik vyroben\u00fd z RPET (recyklovan\u00fd polyester) s pongee tkaninou 190T a rukov\u00e4\u0165ou z pr\u00edrodn\u00e9ho dreva je elegantnou a udr\u017eate\u013enou mo\u017enos\u0165ou, ako v\u00e1s ochr\u00e1ni\u0165 pred da\u017e\u010fom. Tkanina pongee 190T je odoln\u00e1 a vodoodpudiv\u00e1 a poskytuje dobr\u00fa ochranu pred da\u017e\u010fom. Rukov\u00e4\u0165 z pr\u00edrodn\u00e9ho dreva dod\u00e1va d\u00e1\u017edniku n\u00e1dych \u0161t\u00fdlu a tepla a poskytuje prirodzen\u00fd a pohodln\u00fd pocit pri jeho dr\u017ean\u00ed. D\u00e1\u017ednik m\u00e1 navy\u0161e tla\u010didlo automatick\u00e9ho otv\u00e1rania pre jednoduch\u00e9 pou\u017eitie a zap\u00ednanie na such\u00fd zips pre bezpe\u010dn\u00e9 ulo\u017eenie.<br \/>\nZah\u0155\u0148a zodpovedaj\u00faci kryt na ulo\u017eenie d\u00e1\u017ednika, ke\u010f sa nepou\u017e\u00edva, \u010d\u00edm je chr\u00e1nen\u00fd a upratan\u00fd. Tento d\u00e1\u017ednik je vyroben\u00fd z RPET a prispieva k zn\u00ed\u017eeniu odpadu t\u00fdm, \u017ee pri v\u00fdrobe pou\u017e\u00edva recyklovan\u00e9 materi\u00e1ly.<br \/>Zlo\u017eenie: RPET<\/p>","protected":false},"excerpt":{"rendered":"<p>An umbrella made of RPET (recycled polyester) with 190T pongee fabric and a natural wood handle is an elegant and<\/p>","protected":false},"featured_media":18200,"comment_status":"open","ping_status":"closed","template":"","meta":[],"product_cat":[298,407],"product_tag":[],"class_list":{"0":"post-18199","1":"product","2":"type-product","3":"status-publish","4":"has-post-thumbnail","6":"product_cat-bags_travel","7":"product_cat-umbrellas","9":"first","10":"instock","11":"shipping-taxable","12":"purchasable","13":"product-type-variable"},"_links":{"self":[{"href":"https:\/\/www.promotio.sk\/sk\/wp-json\/wp\/v2\/product\/18199","targetHints":{"allow":["GET"]}}],"collection":[{"href":"https:\/\/www.promotio.sk\/sk\/wp-json\/wp\/v2\/product"}],"about":[{"href":"https:\/\/www.promotio.sk\/sk\/wp-json\/wp\/v2\/types\/product"}],"replies":[{"embeddable":true,"href":"https:\/\/www.promotio.sk\/sk\/wp-json\/wp\/v2\/comments?post=18199"}],"wp:featuredmedia":[{"embeddable":true,"href":"https:\/\/www.promotio.sk\/sk\/wp-json\/wp\/v2\/media\/18200"}],"wp:attachment":[{"href":"https:\/\/www.promotio.sk\/sk\/wp-json\/wp\/v2\/media?parent=18199"}],"wp:term":[{"taxonomy":"product_cat","embeddable":true,"href":"https:\/\/www.promotio.sk\/sk\/wp-json\/wp\/v2\/product_cat?post=18199"},{"taxonomy":"product_tag","embeddable":true,"href":"https:\/\/www.promotio.sk\/sk\/wp-json\/wp\/v2\/product_tag?post=18199"}],"curies":[{"name":"wp","href":"https:\/\/api.w.org\/{rel}","templated":true}]}}