{"id":18169,"date":"2024-03-10T09:57:14","date_gmt":"2024-03-10T08:57:14","guid":{"rendered":"https:\/\/www.promotio.sk\/shop\/nezaraden\u00e9\/nikol\/"},"modified":"2024-03-10T11:09:18","modified_gmt":"2024-03-10T10:09:18","slug":"nikol","status":"publish","type":"product","link":"https:\/\/www.promotio.sk\/sk\/shop\/promo-items\/bags_travel\/umbrellas\/nikol\/","title":{"rendered":"NIKOL"},"content":{"rendered":"<p>D\u00e1\u017ednik vyroben\u00fd z RPET (recyklovan\u00fd polyester) s pongee tkaninou 190T a zakon\u010den\u00fd reflexn\u00fdmi p\u00e1sikmi je trvanlivou a trvalou mo\u017enos\u0165ou, ktor\u00e1 v\u00e1s ochr\u00e1ni pred da\u017e\u010fom. Tkanina pongee 190T je odoln\u00e1 a vodoodpudiv\u00e1 a zais\u0165uje dobr\u00fa ochranu pred da\u017e\u010fom. Reflexn\u00e9 p\u00e1sy prid\u00e1vaj\u00fa bezpe\u010dnostn\u00fd prvok, preto\u017ee odr\u00e1\u017eaj\u00fa svetlo a zvy\u0161uj\u00fa vidite\u013enos\u0165 pri slabom osvetlen\u00ed.<br \/>\nSklolamin\u00e1tov\u00e9 pr\u00faty s protivetrov\u00fdm syst\u00e9mom pon\u00fakaj\u00fa v\u00e4\u010d\u0161iu odolnos\u0165 a flexibilitu pri n\u00e1razoch vetra, \u010d\u00edm zabra\u0148uj\u00fa \u013eahk\u00e9mu po\u0161kodeniu d\u00e1\u017ednika. D\u00e1\u017ednik m\u00e1 navy\u0161e tla\u010didlo automatick\u00e9ho otv\u00e1rania pre jednoduch\u00e9 pou\u017eitie a zap\u00ednanie na such\u00fd zips pre bezpe\u010dn\u00e9 ulo\u017eenie.<br \/>\nZah\u0155\u0148a zodpovedaj\u00faci kryt na ulo\u017eenie d\u00e1\u017ednika, ke\u010f sa nepou\u017e\u00edva, \u010d\u00edm je chr\u00e1nen\u00fd a upratan\u00fd. Tento d\u00e1\u017ednik je vyroben\u00fd z RPET a prispieva k zn\u00ed\u017eeniu odpadu t\u00fdm, \u017ee pri v\u00fdrobe pou\u017e\u00edva recyklovan\u00e9 materi\u00e1ly.<br \/>Zlo\u017eenie: RPET.<\/p>","protected":false},"excerpt":{"rendered":"<p>An umbrella made of RPET (recycled polyester) with 190T pongee fabric and finished in reflective bands is a durable and<\/p>","protected":false},"featured_media":18170,"comment_status":"open","ping_status":"closed","template":"","meta":[],"product_cat":[298,407],"product_tag":[],"class_list":{"0":"post-18169","1":"product","2":"type-product","3":"status-publish","4":"has-post-thumbnail","6":"product_cat-bags_travel","7":"product_cat-umbrellas","9":"first","10":"instock","11":"shipping-taxable","12":"purchasable","13":"product-type-variable"},"_links":{"self":[{"href":"https:\/\/www.promotio.sk\/sk\/wp-json\/wp\/v2\/product\/18169","targetHints":{"allow":["GET"]}}],"collection":[{"href":"https:\/\/www.promotio.sk\/sk\/wp-json\/wp\/v2\/product"}],"about":[{"href":"https:\/\/www.promotio.sk\/sk\/wp-json\/wp\/v2\/types\/product"}],"replies":[{"embeddable":true,"href":"https:\/\/www.promotio.sk\/sk\/wp-json\/wp\/v2\/comments?post=18169"}],"wp:featuredmedia":[{"embeddable":true,"href":"https:\/\/www.promotio.sk\/sk\/wp-json\/wp\/v2\/media\/18170"}],"wp:attachment":[{"href":"https:\/\/www.promotio.sk\/sk\/wp-json\/wp\/v2\/media?parent=18169"}],"wp:term":[{"taxonomy":"product_cat","embeddable":true,"href":"https:\/\/www.promotio.sk\/sk\/wp-json\/wp\/v2\/product_cat?post=18169"},{"taxonomy":"product_tag","embeddable":true,"href":"https:\/\/www.promotio.sk\/sk\/wp-json\/wp\/v2\/product_tag?post=18169"}],"curies":[{"name":"wp","href":"https:\/\/api.w.org\/{rel}","templated":true}]}}