{"id":18167,"date":"2024-03-10T09:57:12","date_gmt":"2024-03-10T08:57:12","guid":{"rendered":"https:\/\/www.promotio.sk\/shop\/nezaraden\u00e9\/cloud\/"},"modified":"2024-03-10T10:38:46","modified_gmt":"2024-03-10T09:38:46","slug":"cloud","status":"publish","type":"product","link":"https:\/\/www.promotio.sk\/sk\/shop\/promo-items\/summer\/sunglasses\/cloud\/","title":{"rendered":"OBLAK"},"content":{"rendered":"<p>Vrecko na okuliare so s\u0165ahovacou \u0161n\u00farkou. Polyester jemn\u00fd na dotyk.<br \/>Zlo\u017eenie: Polyester<\/p>","protected":false},"excerpt":{"rendered":"<p>Glasses pouch with drawstring fastening. Soft touch polyester.Composition: Polyester<\/p>","protected":false},"featured_media":18168,"comment_status":"open","ping_status":"closed","template":"","meta":[],"product_cat":[350,410],"product_tag":[],"class_list":{"0":"post-18167","1":"product","2":"type-product","3":"status-publish","4":"has-post-thumbnail","6":"product_cat-summer","7":"product_cat-sunglasses","9":"first","10":"instock","11":"shipping-taxable","12":"purchasable","13":"product-type-variable"},"_links":{"self":[{"href":"https:\/\/www.promotio.sk\/sk\/wp-json\/wp\/v2\/product\/18167","targetHints":{"allow":["GET"]}}],"collection":[{"href":"https:\/\/www.promotio.sk\/sk\/wp-json\/wp\/v2\/product"}],"about":[{"href":"https:\/\/www.promotio.sk\/sk\/wp-json\/wp\/v2\/types\/product"}],"replies":[{"embeddable":true,"href":"https:\/\/www.promotio.sk\/sk\/wp-json\/wp\/v2\/comments?post=18167"}],"wp:featuredmedia":[{"embeddable":true,"href":"https:\/\/www.promotio.sk\/sk\/wp-json\/wp\/v2\/media\/18168"}],"wp:attachment":[{"href":"https:\/\/www.promotio.sk\/sk\/wp-json\/wp\/v2\/media?parent=18167"}],"wp:term":[{"taxonomy":"product_cat","embeddable":true,"href":"https:\/\/www.promotio.sk\/sk\/wp-json\/wp\/v2\/product_cat?post=18167"},{"taxonomy":"product_tag","embeddable":true,"href":"https:\/\/www.promotio.sk\/sk\/wp-json\/wp\/v2\/product_tag?post=18167"}],"curies":[{"name":"wp","href":"https:\/\/api.w.org\/{rel}","templated":true}]}}