{"id":18056,"date":"2024-03-10T09:50:49","date_gmt":"2024-03-10T08:50:49","guid":{"rendered":"https:\/\/www.promotio.sk\/shop\/nezaraden\u00e9\/daley\/"},"modified":"2024-03-10T09:51:29","modified_gmt":"2024-03-10T08:51:29","slug":"daley","status":"publish","type":"product","link":"https:\/\/www.promotio.sk\/sk\/shop\/promo-items\/summer\/sunglasses\/daley\/","title":{"rendered":"DAEY"},"content":{"rendered":"<p>Slne\u010dn\u00e9 okuliare s viacfarebn\u00fdm r\u00e1mom. Ochrann\u00e9 \u0161o\u0161ovky UV400.<br \/>Zlo\u017eenie: PC (Policarbonato)<\/p>","protected":false},"excerpt":{"rendered":"<p>Sunglasses with multicolour frame. UV400 protection lenses.Composition: PC (Policarbonato)<\/p>","protected":false},"featured_media":18057,"comment_status":"open","ping_status":"closed","template":"","meta":[],"product_cat":[410],"product_tag":[],"class_list":{"0":"post-18056","1":"product","2":"type-product","3":"status-publish","4":"has-post-thumbnail","6":"product_cat-sunglasses","8":"first","9":"instock","10":"shipping-taxable","11":"purchasable","12":"product-type-variable"},"_links":{"self":[{"href":"https:\/\/www.promotio.sk\/sk\/wp-json\/wp\/v2\/product\/18056","targetHints":{"allow":["GET"]}}],"collection":[{"href":"https:\/\/www.promotio.sk\/sk\/wp-json\/wp\/v2\/product"}],"about":[{"href":"https:\/\/www.promotio.sk\/sk\/wp-json\/wp\/v2\/types\/product"}],"replies":[{"embeddable":true,"href":"https:\/\/www.promotio.sk\/sk\/wp-json\/wp\/v2\/comments?post=18056"}],"wp:featuredmedia":[{"embeddable":true,"href":"https:\/\/www.promotio.sk\/sk\/wp-json\/wp\/v2\/media\/18057"}],"wp:attachment":[{"href":"https:\/\/www.promotio.sk\/sk\/wp-json\/wp\/v2\/media?parent=18056"}],"wp:term":[{"taxonomy":"product_cat","embeddable":true,"href":"https:\/\/www.promotio.sk\/sk\/wp-json\/wp\/v2\/product_cat?post=18056"},{"taxonomy":"product_tag","embeddable":true,"href":"https:\/\/www.promotio.sk\/sk\/wp-json\/wp\/v2\/product_tag?post=18056"}],"curies":[{"name":"wp","href":"https:\/\/api.w.org\/{rel}","templated":true}]}}