{"id":18036,"date":"2024-03-10T09:49:50","date_gmt":"2024-03-10T08:49:50","guid":{"rendered":"https:\/\/www.promotio.sk\/shop\/nezaraden\u00e9\/colton\/"},"modified":"2024-03-10T09:50:44","modified_gmt":"2024-03-10T08:50:44","slug":"colton","status":"publish","type":"product","link":"https:\/\/www.promotio.sk\/sk\/shop\/promo-items\/summer\/sunglasses\/colton\/","title":{"rendered":"COLTON"},"content":{"rendered":"<p>Slne\u010dn\u00e9 okuliare so zrkadlov\u00fdmi sklami a bambusov\u00fdmi strani\u010dkami. UV 400 ochrana.<br \/>Zlo\u017eenie: Bamb\u00fa<\/p>","protected":false},"excerpt":{"rendered":"<p>Sunglasses with mirror lenses and bamboo temples. UV400 protection.Composition: Bamb\u00fa<\/p>","protected":false},"featured_media":18037,"comment_status":"open","ping_status":"closed","template":"","meta":[],"product_cat":[410],"product_tag":[],"class_list":{"0":"post-18036","1":"product","2":"type-product","3":"status-publish","4":"has-post-thumbnail","6":"product_cat-sunglasses","8":"first","9":"instock","10":"shipping-taxable","11":"purchasable","12":"product-type-variable"},"_links":{"self":[{"href":"https:\/\/www.promotio.sk\/sk\/wp-json\/wp\/v2\/product\/18036","targetHints":{"allow":["GET"]}}],"collection":[{"href":"https:\/\/www.promotio.sk\/sk\/wp-json\/wp\/v2\/product"}],"about":[{"href":"https:\/\/www.promotio.sk\/sk\/wp-json\/wp\/v2\/types\/product"}],"replies":[{"embeddable":true,"href":"https:\/\/www.promotio.sk\/sk\/wp-json\/wp\/v2\/comments?post=18036"}],"wp:featuredmedia":[{"embeddable":true,"href":"https:\/\/www.promotio.sk\/sk\/wp-json\/wp\/v2\/media\/18037"}],"wp:attachment":[{"href":"https:\/\/www.promotio.sk\/sk\/wp-json\/wp\/v2\/media?parent=18036"}],"wp:term":[{"taxonomy":"product_cat","embeddable":true,"href":"https:\/\/www.promotio.sk\/sk\/wp-json\/wp\/v2\/product_cat?post=18036"},{"taxonomy":"product_tag","embeddable":true,"href":"https:\/\/www.promotio.sk\/sk\/wp-json\/wp\/v2\/product_tag?post=18036"}],"curies":[{"name":"wp","href":"https:\/\/api.w.org\/{rel}","templated":true}]}}