{"id":17858,"date":"2024-03-08T21:49:39","date_gmt":"2024-03-08T20:49:39","guid":{"rendered":"https:\/\/www.promotio.sk\/shop\/nezaraden\u00e9\/citos\/"},"modified":"2024-03-10T09:26:06","modified_gmt":"2024-03-10T08:26:06","slug":"citos","status":"publish","type":"product","link":"https:\/\/www.promotio.sk\/sk\/shop\/promo-items\/selfcare\/combs-manicure-pillbox\/citos\/","title":{"rendered":"CITOS"},"content":{"rendered":"<p>\u013dahk\u00e1 krabi\u010dka na tabletky s tromi priehradkami. Dizajn v priesvitnom farebnom preveden\u00ed.<br \/>\n<br \/>Zlo\u017eenie: PP<\/p>","protected":false},"excerpt":{"rendered":"<p>Light pillbox with three compartments. Design in translucent colour finish. Composition: PP<\/p>","protected":false},"featured_media":17859,"comment_status":"open","ping_status":"closed","template":"","meta":[],"product_cat":[403,400],"product_tag":[],"class_list":{"0":"post-17858","1":"product","2":"type-product","3":"status-publish","4":"has-post-thumbnail","6":"product_cat-combs-manicure-pillbox","7":"product_cat-selfcare","9":"first","10":"instock","11":"shipping-taxable","12":"purchasable","13":"product-type-variable"},"_links":{"self":[{"href":"https:\/\/www.promotio.sk\/sk\/wp-json\/wp\/v2\/product\/17858","targetHints":{"allow":["GET"]}}],"collection":[{"href":"https:\/\/www.promotio.sk\/sk\/wp-json\/wp\/v2\/product"}],"about":[{"href":"https:\/\/www.promotio.sk\/sk\/wp-json\/wp\/v2\/types\/product"}],"replies":[{"embeddable":true,"href":"https:\/\/www.promotio.sk\/sk\/wp-json\/wp\/v2\/comments?post=17858"}],"wp:featuredmedia":[{"embeddable":true,"href":"https:\/\/www.promotio.sk\/sk\/wp-json\/wp\/v2\/media\/17859"}],"wp:attachment":[{"href":"https:\/\/www.promotio.sk\/sk\/wp-json\/wp\/v2\/media?parent=17858"}],"wp:term":[{"taxonomy":"product_cat","embeddable":true,"href":"https:\/\/www.promotio.sk\/sk\/wp-json\/wp\/v2\/product_cat?post=17858"},{"taxonomy":"product_tag","embeddable":true,"href":"https:\/\/www.promotio.sk\/sk\/wp-json\/wp\/v2\/product_tag?post=17858"}],"curies":[{"name":"wp","href":"https:\/\/api.w.org\/{rel}","templated":true}]}}