{"id":17843,"date":"2024-03-08T21:48:51","date_gmt":"2024-03-08T20:48:51","guid":{"rendered":"https:\/\/www.promotio.sk\/shop\/nezaraden\u00e9\/liner\/"},"modified":"2024-03-08T21:49:33","modified_gmt":"2024-03-08T20:49:33","slug":"liner","status":"publish","type":"product","link":"https:\/\/www.promotio.sk\/sk\/shop\/promo-items\/selfcare\/pocket_mirrors\/liner\/","title":{"rendered":"LINER"},"content":{"rendered":"<p>Praktick\u00e9 obojstrann\u00e9 skladacie vreckov\u00e9 zrkadlo (1x\/2x zv\u00e4\u010d\u0161ovacie zrkadlo).<br \/>\n<br \/>Zlo\u017eenie: PU a plast.<\/p>","protected":false},"excerpt":{"rendered":"<p>Practical double-sided folding pocket mirror (1x\/2x magnifying mirror). Composition: PU and plastic.<\/p>","protected":false},"featured_media":17844,"comment_status":"open","ping_status":"closed","template":"","meta":[],"product_cat":[400,405],"product_tag":[],"class_list":{"0":"post-17843","1":"product","2":"type-product","3":"status-publish","4":"has-post-thumbnail","6":"product_cat-selfcare","7":"product_cat-pocket_mirrors","9":"first","10":"instock","11":"shipping-taxable","12":"purchasable","13":"product-type-variable"},"_links":{"self":[{"href":"https:\/\/www.promotio.sk\/sk\/wp-json\/wp\/v2\/product\/17843","targetHints":{"allow":["GET"]}}],"collection":[{"href":"https:\/\/www.promotio.sk\/sk\/wp-json\/wp\/v2\/product"}],"about":[{"href":"https:\/\/www.promotio.sk\/sk\/wp-json\/wp\/v2\/types\/product"}],"replies":[{"embeddable":true,"href":"https:\/\/www.promotio.sk\/sk\/wp-json\/wp\/v2\/comments?post=17843"}],"wp:featuredmedia":[{"embeddable":true,"href":"https:\/\/www.promotio.sk\/sk\/wp-json\/wp\/v2\/media\/17844"}],"wp:attachment":[{"href":"https:\/\/www.promotio.sk\/sk\/wp-json\/wp\/v2\/media?parent=17843"}],"wp:term":[{"taxonomy":"product_cat","embeddable":true,"href":"https:\/\/www.promotio.sk\/sk\/wp-json\/wp\/v2\/product_cat?post=17843"},{"taxonomy":"product_tag","embeddable":true,"href":"https:\/\/www.promotio.sk\/sk\/wp-json\/wp\/v2\/product_tag?post=17843"}],"curies":[{"name":"wp","href":"https:\/\/api.w.org\/{rel}","templated":true}]}}