{"id":17841,"date":"2024-03-08T21:48:47","date_gmt":"2024-03-08T20:48:47","guid":{"rendered":"https:\/\/www.promotio.sk\/shop\/nezaraden\u00e9\/drop\/"},"modified":"2024-03-10T09:26:22","modified_gmt":"2024-03-10T08:26:22","slug":"drop","status":"publish","type":"product","link":"https:\/\/www.promotio.sk\/sk\/shop\/promo-items\/selfcare\/combs-manicure-pillbox\/drop\/","title":{"rendered":"P\u00c1D"},"content":{"rendered":"<p>Antibakteri\u00e1lna krabi\u010dka na tabletky s tromi priehradkami.<br \/>Zlo\u017eenie: Antibakteri\u00e1lny plast.<br \/>Pozn\u00e1mky: Antibakteri\u00e1lna potla\u010d loga v striebornej \u0161edej farbe na z\u00e1kladni.<\/p>","protected":false},"excerpt":{"rendered":"<p>Antibacterial pillbox with three compartments.Composition: Antibacterial plastic.Remarks: Antibacterial logo print in silver grey on the base.<\/p>","protected":false},"featured_media":17842,"comment_status":"open","ping_status":"closed","template":"","meta":[],"product_cat":[403,400],"product_tag":[],"class_list":{"0":"post-17841","1":"product","2":"type-product","3":"status-publish","4":"has-post-thumbnail","6":"product_cat-combs-manicure-pillbox","7":"product_cat-selfcare","9":"first","10":"instock","11":"shipping-taxable","12":"purchasable","13":"product-type-variable"},"_links":{"self":[{"href":"https:\/\/www.promotio.sk\/sk\/wp-json\/wp\/v2\/product\/17841","targetHints":{"allow":["GET"]}}],"collection":[{"href":"https:\/\/www.promotio.sk\/sk\/wp-json\/wp\/v2\/product"}],"about":[{"href":"https:\/\/www.promotio.sk\/sk\/wp-json\/wp\/v2\/types\/product"}],"replies":[{"embeddable":true,"href":"https:\/\/www.promotio.sk\/sk\/wp-json\/wp\/v2\/comments?post=17841"}],"wp:featuredmedia":[{"embeddable":true,"href":"https:\/\/www.promotio.sk\/sk\/wp-json\/wp\/v2\/media\/17842"}],"wp:attachment":[{"href":"https:\/\/www.promotio.sk\/sk\/wp-json\/wp\/v2\/media?parent=17841"}],"wp:term":[{"taxonomy":"product_cat","embeddable":true,"href":"https:\/\/www.promotio.sk\/sk\/wp-json\/wp\/v2\/product_cat?post=17841"},{"taxonomy":"product_tag","embeddable":true,"href":"https:\/\/www.promotio.sk\/sk\/wp-json\/wp\/v2\/product_tag?post=17841"}],"curies":[{"name":"wp","href":"https:\/\/api.w.org\/{rel}","templated":true}]}}