{"id":17788,"date":"2024-03-08T21:45:49","date_gmt":"2024-03-08T20:45:49","guid":{"rendered":"https:\/\/www.promotio.sk\/shop\/nezaraden\u00e9\/babel\/"},"modified":"2024-03-08T21:47:13","modified_gmt":"2024-03-08T20:47:13","slug":"babel","status":"publish","type":"product","link":"https:\/\/www.promotio.sk\/sk\/shop\/promo-items\/selfcare\/lip_balms-toothbrushs\/babel\/","title":{"rendered":"BABEL"},"content":{"rendered":"<p>Balzam na pery s klasick\u00fdm puzdrom v kovovom tvare ty\u010dinky. \u0160t\u00fdlov\u00e1 a praktick\u00e1 mo\u017enos\u0165 starostlivosti o pery. Kovov\u00e9 puzdro mu dod\u00e1va sofistikovan\u00fd a odoln\u00fd vzh\u013ead, ktor\u00fd chr\u00e1ni balzam pred n\u00e1razmi a po\u0161koden\u00edm.<br \/>\nBalzam na pery v tvare ty\u010dinky poskytuje hladk\u00fa a rovnomern\u00fa aplik\u00e1ciu, hydratuje a chr\u00e1ni pery pred vysu\u0161en\u00edm a environment\u00e1lnymi faktormi. Okrem toho tento balzam na pery pon\u00faka ochranu pred slnkom SPF15, ktor\u00e1 pom\u00e1ha predch\u00e1dza\u0165 po\u0161kodeniu sp\u00f4soben\u00e9mu UV \u017eiaren\u00edm.<br \/>\nKlasick\u00e9 puzdro v kovovom preveden\u00ed mu dod\u00e1va n\u00e1dych elegancie a umo\u017e\u0148uje v\u00e1m balzam na pery pohodlne nosi\u0165 v ta\u0161ke, vrecku alebo toaletnej ta\u0161ti\u010dke, v\u010faka \u010domu bude v\u017edy na dosah, ke\u010f ho potrebujete.<\/p>","protected":false},"excerpt":{"rendered":"<p>Lip balm with classic case in metallic bar-shaped finish. Stylish and practical option for lip care. The metal case gives<\/p>","protected":false},"featured_media":17789,"comment_status":"open","ping_status":"closed","template":"","meta":[],"product_cat":[401,400],"product_tag":[],"class_list":{"0":"post-17788","1":"product","2":"type-product","3":"status-publish","4":"has-post-thumbnail","6":"product_cat-lip_balms-toothbrushs","7":"product_cat-selfcare","9":"first","10":"instock","11":"shipping-taxable","12":"purchasable","13":"product-type-variable"},"_links":{"self":[{"href":"https:\/\/www.promotio.sk\/sk\/wp-json\/wp\/v2\/product\/17788","targetHints":{"allow":["GET"]}}],"collection":[{"href":"https:\/\/www.promotio.sk\/sk\/wp-json\/wp\/v2\/product"}],"about":[{"href":"https:\/\/www.promotio.sk\/sk\/wp-json\/wp\/v2\/types\/product"}],"replies":[{"embeddable":true,"href":"https:\/\/www.promotio.sk\/sk\/wp-json\/wp\/v2\/comments?post=17788"}],"wp:featuredmedia":[{"embeddable":true,"href":"https:\/\/www.promotio.sk\/sk\/wp-json\/wp\/v2\/media\/17789"}],"wp:attachment":[{"href":"https:\/\/www.promotio.sk\/sk\/wp-json\/wp\/v2\/media?parent=17788"}],"wp:term":[{"taxonomy":"product_cat","embeddable":true,"href":"https:\/\/www.promotio.sk\/sk\/wp-json\/wp\/v2\/product_cat?post=17788"},{"taxonomy":"product_tag","embeddable":true,"href":"https:\/\/www.promotio.sk\/sk\/wp-json\/wp\/v2\/product_tag?post=17788"}],"curies":[{"name":"wp","href":"https:\/\/api.w.org\/{rel}","templated":true}]}}