{"id":17758,"date":"2024-03-08T21:43:57","date_gmt":"2024-03-08T20:43:57","guid":{"rendered":"https:\/\/www.promotio.sk\/shop\/nezaraden\u00e9\/lissen\/"},"modified":"2024-03-08T21:45:48","modified_gmt":"2024-03-08T20:45:48","slug":"lissen","status":"publish","type":"product","link":"https:\/\/www.promotio.sk\/sk\/shop\/promo-items\/selfcare\/lip_balms-toothbrushs\/lissen\/","title":{"rendered":"LISSEN"},"content":{"rendered":"<p>Balzam na pery v klasickom ty\u010dinkovom form\u00e1te s poloprieh\u013eadn\u00fdm povrchom. Ochrana SPF15.<br \/>Zlo\u017eenie: Plast<br \/>Pozn\u00e1mky: Vanilkov\u00e1 v\u00f4\u0148a.<\/p>","protected":false},"excerpt":{"rendered":"<p>Lip balm in a classic stick format and semitransparent finish. SPF15 protection.Composition: PlasticRemarks: Vanilla scent.<\/p>","protected":false},"featured_media":17759,"comment_status":"open","ping_status":"closed","template":"","meta":[],"product_cat":[401,400],"product_tag":[],"class_list":{"0":"post-17758","1":"product","2":"type-product","3":"status-publish","4":"has-post-thumbnail","6":"product_cat-lip_balms-toothbrushs","7":"product_cat-selfcare","9":"first","10":"instock","11":"shipping-taxable","12":"purchasable","13":"product-type-variable"},"_links":{"self":[{"href":"https:\/\/www.promotio.sk\/sk\/wp-json\/wp\/v2\/product\/17758","targetHints":{"allow":["GET"]}}],"collection":[{"href":"https:\/\/www.promotio.sk\/sk\/wp-json\/wp\/v2\/product"}],"about":[{"href":"https:\/\/www.promotio.sk\/sk\/wp-json\/wp\/v2\/types\/product"}],"replies":[{"embeddable":true,"href":"https:\/\/www.promotio.sk\/sk\/wp-json\/wp\/v2\/comments?post=17758"}],"wp:featuredmedia":[{"embeddable":true,"href":"https:\/\/www.promotio.sk\/sk\/wp-json\/wp\/v2\/media\/17759"}],"wp:attachment":[{"href":"https:\/\/www.promotio.sk\/sk\/wp-json\/wp\/v2\/media?parent=17758"}],"wp:term":[{"taxonomy":"product_cat","embeddable":true,"href":"https:\/\/www.promotio.sk\/sk\/wp-json\/wp\/v2\/product_cat?post=17758"},{"taxonomy":"product_tag","embeddable":true,"href":"https:\/\/www.promotio.sk\/sk\/wp-json\/wp\/v2\/product_tag?post=17758"}],"curies":[{"name":"wp","href":"https:\/\/api.w.org\/{rel}","templated":true}]}}