{"id":17733,"date":"2024-03-08T21:42:40","date_gmt":"2024-03-08T20:42:40","guid":{"rendered":"https:\/\/www.promotio.sk\/shop\/nezaraden\u00e9\/franklin\/"},"modified":"2024-03-10T09:30:13","modified_gmt":"2024-03-10T08:30:13","slug":"franklin","status":"publish","type":"product","link":"https:\/\/www.promotio.sk\/sk\/shop\/promo-items\/selfcare\/sanitary_protection\/franklin\/","title":{"rendered":"FRANKLIN"},"content":{"rendered":"<p>Prieh\u013eadn\u00e9 ochrann\u00e9 okuliare proti zahmlievaniu so \u0161irok\u00fdmi stranicami s bo\u010dn\u00fdmi vetrac\u00edmi otvormi a otvorom na ka\u017edom konci na \u0161n\u00farky alebo \u0161n\u00farky. S\u00fa vyroben\u00e9 z \u013eahk\u00e9ho polykarbon\u00e1tu a dokonale chr\u00e1nia o\u010di pou\u017e\u00edvate\u013ea pred vonkaj\u0161\u00edmi vplyvmi. Kompatibiln\u00e9 pou\u017eitie cez dioptrick\u00e9 okuliare.<br \/>Zlo\u017eenie: PC<br \/>Pozn\u00e1mky: Zhoda s normami EN 166:2001 a (UE) 2016\/425.<\/p>","protected":false},"excerpt":{"rendered":"<p>Clear anti-fog safety goggles, with wide temples with side vent openings and a hole at each end for lanyards or<\/p>","protected":false},"featured_media":17734,"comment_status":"open","ping_status":"closed","template":"","meta":[],"product_cat":[400,416],"product_tag":[],"class_list":{"0":"post-17733","1":"product","2":"type-product","3":"status-publish","4":"has-post-thumbnail","6":"product_cat-selfcare","7":"product_cat-sanitary_protection","9":"first","10":"instock","11":"shipping-taxable","12":"purchasable","13":"product-type-variable"},"_links":{"self":[{"href":"https:\/\/www.promotio.sk\/sk\/wp-json\/wp\/v2\/product\/17733","targetHints":{"allow":["GET"]}}],"collection":[{"href":"https:\/\/www.promotio.sk\/sk\/wp-json\/wp\/v2\/product"}],"about":[{"href":"https:\/\/www.promotio.sk\/sk\/wp-json\/wp\/v2\/types\/product"}],"replies":[{"embeddable":true,"href":"https:\/\/www.promotio.sk\/sk\/wp-json\/wp\/v2\/comments?post=17733"}],"wp:featuredmedia":[{"embeddable":true,"href":"https:\/\/www.promotio.sk\/sk\/wp-json\/wp\/v2\/media\/17734"}],"wp:attachment":[{"href":"https:\/\/www.promotio.sk\/sk\/wp-json\/wp\/v2\/media?parent=17733"}],"wp:term":[{"taxonomy":"product_cat","embeddable":true,"href":"https:\/\/www.promotio.sk\/sk\/wp-json\/wp\/v2\/product_cat?post=17733"},{"taxonomy":"product_tag","embeddable":true,"href":"https:\/\/www.promotio.sk\/sk\/wp-json\/wp\/v2\/product_tag?post=17733"}],"curies":[{"name":"wp","href":"https:\/\/api.w.org\/{rel}","templated":true}]}}