{"id":17713,"date":"2024-03-08T21:41:28","date_gmt":"2024-03-08T20:41:28","guid":{"rendered":"https:\/\/www.promotio.sk\/shop\/nezaraden\u00e9\/nobel-sanitizing-wipe\/"},"modified":"2024-03-10T09:30:37","modified_gmt":"2024-03-10T08:30:37","slug":"nobel-sanitizing-wipe","status":"publish","type":"product","link":"https:\/\/www.promotio.sk\/sk\/shop\/promo-items\/selfcare\/sanitary_protection\/nobel-sanitizing-wipe\/","title":{"rendered":"NOBEL DEZINFEK\u010cN\u00c1 Utierka"},"content":{"rendered":"<p>Jednorazov\u00e1, kompostovate\u013en\u00e1 a hydroalkoholov\u00e1 dezinfek\u010dn\u00e1 utierka na ruky a mal\u00e9 povrchy. S alkoholom 70% zaru\u010duje primeran\u00fa hygienu a dezinfekciu, \u010do umo\u017e\u0148uje r\u00fdchle a efekt\u00edvne p\u00f4sobenie. Ide\u00e1lna ve\u013ekos\u0165 na nosenie v ta\u0161ke a\/alebo kabelke.<br \/>Zlo\u017eenie: Etanol, voda, glycer\u00edn, hydroxypropyl, metylcelul\u00f3za, parfum, benzalk\u00f3niumchlorid, CI 42090.<br \/>Pozn\u00e1mky: Samostatn\u00e9 teplom zataven\u00e9 vrecko.<\/p>","protected":false},"excerpt":{"rendered":"<p>Single-use, compostable and hydroalcoholic sanitizing wipe for hands and small surfaces. With 70% alcohol, it guarantees adequate hygiene and disinfection,<\/p>","protected":false},"featured_media":17714,"comment_status":"open","ping_status":"closed","template":"","meta":[],"product_cat":[400,416],"product_tag":[],"class_list":{"0":"post-17713","1":"product","2":"type-product","3":"status-publish","4":"has-post-thumbnail","6":"product_cat-selfcare","7":"product_cat-sanitary_protection","9":"first","10":"instock","11":"shipping-taxable","12":"purchasable","13":"product-type-variable"},"_links":{"self":[{"href":"https:\/\/www.promotio.sk\/sk\/wp-json\/wp\/v2\/product\/17713","targetHints":{"allow":["GET"]}}],"collection":[{"href":"https:\/\/www.promotio.sk\/sk\/wp-json\/wp\/v2\/product"}],"about":[{"href":"https:\/\/www.promotio.sk\/sk\/wp-json\/wp\/v2\/types\/product"}],"replies":[{"embeddable":true,"href":"https:\/\/www.promotio.sk\/sk\/wp-json\/wp\/v2\/comments?post=17713"}],"wp:featuredmedia":[{"embeddable":true,"href":"https:\/\/www.promotio.sk\/sk\/wp-json\/wp\/v2\/media\/17714"}],"wp:attachment":[{"href":"https:\/\/www.promotio.sk\/sk\/wp-json\/wp\/v2\/media?parent=17713"}],"wp:term":[{"taxonomy":"product_cat","embeddable":true,"href":"https:\/\/www.promotio.sk\/sk\/wp-json\/wp\/v2\/product_cat?post=17713"},{"taxonomy":"product_tag","embeddable":true,"href":"https:\/\/www.promotio.sk\/sk\/wp-json\/wp\/v2\/product_tag?post=17713"}],"curies":[{"name":"wp","href":"https:\/\/api.w.org\/{rel}","templated":true}]}}