{"id":17711,"date":"2024-03-08T21:41:24","date_gmt":"2024-03-08T20:41:24","guid":{"rendered":"https:\/\/www.promotio.sk\/shop\/nezaraden\u00e9\/varmus\/"},"modified":"2024-03-10T09:31:04","modified_gmt":"2024-03-10T08:31:04","slug":"varmus","status":"publish","type":"product","link":"https:\/\/www.promotio.sk\/sk\/shop\/promo-items\/selfcare\/sanitary_protection\/varmus\/","title":{"rendered":"VARMUS"},"content":{"rendered":"<p>Dezinfek\u010dn\u00fd g\u00e9l na ruky s alkoholom 70% v praktickej 10 ml priesvitnej n\u00e1dobe v tvare pera s rozpra\u0161ova\u010dom. \u010ciapka s klipom, dostupn\u00e1 v r\u00f4znych farb\u00e1ch.<br \/>Zlo\u017eenie: 70% alkohol, voda, glycer\u00edn, trietanolam\u00edn a karbom\u00e9r.<br \/>Pozn\u00e1mky: \u0160t\u00edtok produktu na spodnej \u010dasti pr\u00edjemcu.<\/p>","protected":false},"excerpt":{"rendered":"<p>Hand-sanitizing gel with 70% alcohol in a practical 10 ml translucent recipient in the shape of a pen, with sprayer.<\/p>","protected":false},"featured_media":17712,"comment_status":"open","ping_status":"closed","template":"","meta":[],"product_cat":[400,416],"product_tag":[],"class_list":{"0":"post-17711","1":"product","2":"type-product","3":"status-publish","4":"has-post-thumbnail","6":"product_cat-selfcare","7":"product_cat-sanitary_protection","9":"first","10":"instock","11":"shipping-taxable","12":"purchasable","13":"product-type-variable"},"_links":{"self":[{"href":"https:\/\/www.promotio.sk\/sk\/wp-json\/wp\/v2\/product\/17711","targetHints":{"allow":["GET"]}}],"collection":[{"href":"https:\/\/www.promotio.sk\/sk\/wp-json\/wp\/v2\/product"}],"about":[{"href":"https:\/\/www.promotio.sk\/sk\/wp-json\/wp\/v2\/types\/product"}],"replies":[{"embeddable":true,"href":"https:\/\/www.promotio.sk\/sk\/wp-json\/wp\/v2\/comments?post=17711"}],"wp:featuredmedia":[{"embeddable":true,"href":"https:\/\/www.promotio.sk\/sk\/wp-json\/wp\/v2\/media\/17712"}],"wp:attachment":[{"href":"https:\/\/www.promotio.sk\/sk\/wp-json\/wp\/v2\/media?parent=17711"}],"wp:term":[{"taxonomy":"product_cat","embeddable":true,"href":"https:\/\/www.promotio.sk\/sk\/wp-json\/wp\/v2\/product_cat?post=17711"},{"taxonomy":"product_tag","embeddable":true,"href":"https:\/\/www.promotio.sk\/sk\/wp-json\/wp\/v2\/product_tag?post=17711"}],"curies":[{"name":"wp","href":"https:\/\/api.w.org\/{rel}","templated":true}]}}