{"id":17701,"date":"2024-03-08T21:40:51","date_gmt":"2024-03-08T20:40:51","guid":{"rendered":"https:\/\/www.promotio.sk\/shop\/nezaraden\u00e9\/gilman\/"},"modified":"2024-03-10T09:31:25","modified_gmt":"2024-03-10T08:31:25","slug":"gilman","status":"publish","type":"product","link":"https:\/\/www.promotio.sk\/sk\/shop\/promo-items\/selfcare\/sanitary_protection\/gilman\/","title":{"rendered":"GILMAN"},"content":{"rendered":"<p>Dezinfek\u010dn\u00fd g\u00e9l na ruky v prieh\u013eadnej 50 ml f\u013ea\u0161ti\u010dke s bielym uz\u00e1verom. Vytvoren\u00fd tak, aby udr\u017eal va\u0161e ruky \u010dist\u00e9 bez oplachovania alebo su\u0161enia. Praktick\u00fd a pohodln\u00fd, \u013eahko schne a zanech\u00e1va pr\u00edjemn\u00fd pocit pri \u010disten\u00ed.  <br \/>Zlo\u017eenie: Zlo\u017eenie: 70% etanol, 2% glycer\u00edn, 0,3% karboniz\u00e1tor, 0,3% trietanolam\u00edn, 27,3% voda, 0,1% aloe barbadensis.<\/p>","protected":false},"excerpt":{"rendered":"<p>Hand sanitizing gel in a transparent 50 ml bottle with white cap. Formulated to keep your hands clean without rinsing<\/p>","protected":false},"featured_media":17702,"comment_status":"open","ping_status":"closed","template":"","meta":[],"product_cat":[400,416],"product_tag":[],"class_list":{"0":"post-17701","1":"product","2":"type-product","3":"status-publish","4":"has-post-thumbnail","6":"product_cat-selfcare","7":"product_cat-sanitary_protection","9":"first","10":"instock","11":"shipping-taxable","12":"purchasable","13":"product-type-variable"},"_links":{"self":[{"href":"https:\/\/www.promotio.sk\/sk\/wp-json\/wp\/v2\/product\/17701","targetHints":{"allow":["GET"]}}],"collection":[{"href":"https:\/\/www.promotio.sk\/sk\/wp-json\/wp\/v2\/product"}],"about":[{"href":"https:\/\/www.promotio.sk\/sk\/wp-json\/wp\/v2\/types\/product"}],"replies":[{"embeddable":true,"href":"https:\/\/www.promotio.sk\/sk\/wp-json\/wp\/v2\/comments?post=17701"}],"wp:featuredmedia":[{"embeddable":true,"href":"https:\/\/www.promotio.sk\/sk\/wp-json\/wp\/v2\/media\/17702"}],"wp:attachment":[{"href":"https:\/\/www.promotio.sk\/sk\/wp-json\/wp\/v2\/media?parent=17701"}],"wp:term":[{"taxonomy":"product_cat","embeddable":true,"href":"https:\/\/www.promotio.sk\/sk\/wp-json\/wp\/v2\/product_cat?post=17701"},{"taxonomy":"product_tag","embeddable":true,"href":"https:\/\/www.promotio.sk\/sk\/wp-json\/wp\/v2\/product_tag?post=17701"}],"curies":[{"name":"wp","href":"https:\/\/api.w.org\/{rel}","templated":true}]}}