{"id":17698,"date":"2024-03-08T21:40:43","date_gmt":"2024-03-08T20:40:43","guid":{"rendered":"https:\/\/www.promotio.sk\/shop\/nezaraden\u00e9\/bishop\/"},"modified":"2024-03-10T09:31:42","modified_gmt":"2024-03-10T08:31:42","slug":"bishop","status":"publish","type":"product","link":"https:\/\/www.promotio.sk\/sk\/shop\/promo-items\/selfcare\/sanitary_protection\/bishop\/","title":{"rendered":"BISKUP"},"content":{"rendered":"<p>Dezinfek\u010dn\u00fd g\u00e9l na ruky s alkoholom 70% v praktickej 30 ml prieh\u013eadnej n\u00e1dobe s kovovou karab\u00ednkou.<br \/>Zlo\u017eenie: alkohol 70%, voda 27,4%, glycer\u00edn 2%, trietanolam\u00edn 0,3% a karbom\u00e9r 0,3%.<\/p>","protected":false},"excerpt":{"rendered":"<p>Hand-sanitizing gel with 70% alcohol in a practical 30 ml transparent recipient with metal carabiner.Composition: 70% alcohol, 27,4% water, 2%<\/p>","protected":false},"featured_media":17699,"comment_status":"open","ping_status":"closed","template":"","meta":[],"product_cat":[400,416],"product_tag":[],"class_list":{"0":"post-17698","1":"product","2":"type-product","3":"status-publish","4":"has-post-thumbnail","6":"product_cat-selfcare","7":"product_cat-sanitary_protection","9":"first","10":"instock","11":"shipping-taxable","12":"purchasable","13":"product-type-variable"},"_links":{"self":[{"href":"https:\/\/www.promotio.sk\/sk\/wp-json\/wp\/v2\/product\/17698","targetHints":{"allow":["GET"]}}],"collection":[{"href":"https:\/\/www.promotio.sk\/sk\/wp-json\/wp\/v2\/product"}],"about":[{"href":"https:\/\/www.promotio.sk\/sk\/wp-json\/wp\/v2\/types\/product"}],"replies":[{"embeddable":true,"href":"https:\/\/www.promotio.sk\/sk\/wp-json\/wp\/v2\/comments?post=17698"}],"wp:featuredmedia":[{"embeddable":true,"href":"https:\/\/www.promotio.sk\/sk\/wp-json\/wp\/v2\/media\/17699"}],"wp:attachment":[{"href":"https:\/\/www.promotio.sk\/sk\/wp-json\/wp\/v2\/media?parent=17698"}],"wp:term":[{"taxonomy":"product_cat","embeddable":true,"href":"https:\/\/www.promotio.sk\/sk\/wp-json\/wp\/v2\/product_cat?post=17698"},{"taxonomy":"product_tag","embeddable":true,"href":"https:\/\/www.promotio.sk\/sk\/wp-json\/wp\/v2\/product_tag?post=17698"}],"curies":[{"name":"wp","href":"https:\/\/api.w.org\/{rel}","templated":true}]}}