{"id":17662,"date":"2024-03-08T21:38:40","date_gmt":"2024-03-08T20:38:40","guid":{"rendered":"https:\/\/www.promotio.sk\/shop\/nezaraden\u00e9\/watson\/"},"modified":"2024-03-10T09:32:47","modified_gmt":"2024-03-10T08:32:47","slug":"watson","status":"publish","type":"product","link":"https:\/\/www.promotio.sk\/sk\/shop\/promo-items\/selfcare\/sanitary_protection\/watson\/","title":{"rendered":"WATSON"},"content":{"rendered":"<p>Antibakteri\u00e1lny pozn\u00e1mkov\u00fd blok A5 s 96 oby\u010dajn\u00fdmi listami (70 g\/m2). Zodpovedaj\u00faca z\u00e1lo\u017eka a gumi\u010dka.<br \/>Zlo\u017eenie: Antibakteri\u00e1lny PU a papier.<br \/>Pozn\u00e1mky: Zhoda s normou ISO 22196.<\/p>","protected":false},"excerpt":{"rendered":"<p>A5 antibacterial notepad with 96 plain sheets (70 gsm). Matching bookmark and elastic band.Composition: Antibacterial PU and paper.Remarks: ISO 22196<\/p>","protected":false},"featured_media":17663,"comment_status":"open","ping_status":"closed","template":"","meta":[],"product_cat":[400,416],"product_tag":[],"class_list":{"0":"post-17662","1":"product","2":"type-product","3":"status-publish","4":"has-post-thumbnail","6":"product_cat-selfcare","7":"product_cat-sanitary_protection","9":"first","10":"instock","11":"shipping-taxable","12":"purchasable","13":"product-type-variable"},"_links":{"self":[{"href":"https:\/\/www.promotio.sk\/sk\/wp-json\/wp\/v2\/product\/17662","targetHints":{"allow":["GET"]}}],"collection":[{"href":"https:\/\/www.promotio.sk\/sk\/wp-json\/wp\/v2\/product"}],"about":[{"href":"https:\/\/www.promotio.sk\/sk\/wp-json\/wp\/v2\/types\/product"}],"replies":[{"embeddable":true,"href":"https:\/\/www.promotio.sk\/sk\/wp-json\/wp\/v2\/comments?post=17662"}],"wp:featuredmedia":[{"embeddable":true,"href":"https:\/\/www.promotio.sk\/sk\/wp-json\/wp\/v2\/media\/17663"}],"wp:attachment":[{"href":"https:\/\/www.promotio.sk\/sk\/wp-json\/wp\/v2\/media?parent=17662"}],"wp:term":[{"taxonomy":"product_cat","embeddable":true,"href":"https:\/\/www.promotio.sk\/sk\/wp-json\/wp\/v2\/product_cat?post=17662"},{"taxonomy":"product_tag","embeddable":true,"href":"https:\/\/www.promotio.sk\/sk\/wp-json\/wp\/v2\/product_tag?post=17662"}],"curies":[{"name":"wp","href":"https:\/\/api.w.org\/{rel}","templated":true}]}}