{"id":17638,"date":"2024-03-08T21:37:11","date_gmt":"2024-03-08T20:37:11","guid":{"rendered":"https:\/\/www.promotio.sk\/shop\/nezaraden\u00e9\/harvey\/"},"modified":"2024-03-10T09:33:29","modified_gmt":"2024-03-10T08:33:29","slug":"harvey","status":"publish","type":"product","link":"https:\/\/www.promotio.sk\/sk\/shop\/promo-items\/selfcare\/sanitary_protection\/harvey\/","title":{"rendered":"HARVEY"},"content":{"rendered":"<p>Priedu\u0161n\u00e1 a vodeodoln\u00e1 hygienick\u00e1 maska na tv\u00e1r. Antibakteri\u00e1lne s nevidite\u013en\u00fdm stredov\u00fdm \u0161vom pre v\u00e4\u010d\u0161ie pohodlie.<br \/>\n100% k dispoz\u00edcii pre z\u00e1kazkov\u00fd dizajn v sublim\u00e1cii od 25 jednotiek.<\/p>\n<p>Zlo\u017eenie: \u2013 Vonkaj\u0161ia vrstva: 100% PES mikrovl\u00e1kno.<br \/>\n\u2013 Vn\u00fatorn\u00e1 vrstva: netkan\u00e1 text\u00edlia.<br \/>Pozn\u00e1mky: \u2013 Opakovane pou\u017eite\u013en\u00e9.<br \/>\n\u2013 100% navrhnut\u00fd na mieru.<br \/>\n\u2013 UNE 0065:2020.<br \/>\n\u2013 \u00da\u010dinnos\u0165 filtra porovnate\u013en\u00e1 s FFP2.<br \/>\n- Bez graf\u00e9nu.<\/p>","protected":false},"excerpt":{"rendered":"<p>Breathable and damp-proof hygienic face mask. Antibacterial with invisible central seam line for greater comfort. 100% available for custom-design in<\/p>","protected":false},"featured_media":17639,"comment_status":"open","ping_status":"closed","template":"","meta":[],"product_cat":[400,416],"product_tag":[],"class_list":{"0":"post-17638","1":"product","2":"type-product","3":"status-publish","4":"has-post-thumbnail","6":"product_cat-selfcare","7":"product_cat-sanitary_protection","9":"first","10":"instock","11":"shipping-taxable","12":"purchasable","13":"product-type-variable"},"_links":{"self":[{"href":"https:\/\/www.promotio.sk\/sk\/wp-json\/wp\/v2\/product\/17638","targetHints":{"allow":["GET"]}}],"collection":[{"href":"https:\/\/www.promotio.sk\/sk\/wp-json\/wp\/v2\/product"}],"about":[{"href":"https:\/\/www.promotio.sk\/sk\/wp-json\/wp\/v2\/types\/product"}],"replies":[{"embeddable":true,"href":"https:\/\/www.promotio.sk\/sk\/wp-json\/wp\/v2\/comments?post=17638"}],"wp:featuredmedia":[{"embeddable":true,"href":"https:\/\/www.promotio.sk\/sk\/wp-json\/wp\/v2\/media\/17639"}],"wp:attachment":[{"href":"https:\/\/www.promotio.sk\/sk\/wp-json\/wp\/v2\/media?parent=17638"}],"wp:term":[{"taxonomy":"product_cat","embeddable":true,"href":"https:\/\/www.promotio.sk\/sk\/wp-json\/wp\/v2\/product_cat?post=17638"},{"taxonomy":"product_tag","embeddable":true,"href":"https:\/\/www.promotio.sk\/sk\/wp-json\/wp\/v2\/product_tag?post=17638"}],"curies":[{"name":"wp","href":"https:\/\/api.w.org\/{rel}","templated":true}]}}