{"id":17604,"date":"2024-03-08T21:35:03","date_gmt":"2024-03-08T20:35:03","guid":{"rendered":"https:\/\/www.promotio.sk\/shop\/nezaraden\u00e9\/belle\/"},"modified":"2024-03-08T21:35:37","modified_gmt":"2024-03-08T20:35:37","slug":"belle","status":"publish","type":"product","link":"https:\/\/www.promotio.sk\/sk\/shop\/promo-items\/selfcare\/pocket_mirrors\/belle\/","title":{"rendered":"BELLE"},"content":{"rendered":"<p>Skladacie obojstrann\u00e9 vreckov\u00e9 zrkadlo z pr\u00edrodn\u00e9ho korku a chr\u00f3movan\u00e9ho kovu. 1x\/2x zv\u00e4\u010d\u0161ovacie zrkadlo. <br \/>Zlo\u017eenie: pr\u00edrodn\u00fd korok.<br \/>Pozn\u00e1mky: Prezent\u00e1cia v ekologickom dizajnovom boxe.<\/p>","protected":false},"excerpt":{"rendered":"<p>Folding double-sided pocket mirror made of natural cork and chrome plated metal. 1x\/2x magnifying mirror. Composition: Natural cork.Remarks: Presentation in<\/p>","protected":false},"featured_media":17605,"comment_status":"open","ping_status":"closed","template":"","meta":[],"product_cat":[400,405],"product_tag":[],"class_list":{"0":"post-17604","1":"product","2":"type-product","3":"status-publish","4":"has-post-thumbnail","6":"product_cat-selfcare","7":"product_cat-pocket_mirrors","9":"first","10":"instock","11":"shipping-taxable","12":"purchasable","13":"product-type-variable"},"_links":{"self":[{"href":"https:\/\/www.promotio.sk\/sk\/wp-json\/wp\/v2\/product\/17604","targetHints":{"allow":["GET"]}}],"collection":[{"href":"https:\/\/www.promotio.sk\/sk\/wp-json\/wp\/v2\/product"}],"about":[{"href":"https:\/\/www.promotio.sk\/sk\/wp-json\/wp\/v2\/types\/product"}],"replies":[{"embeddable":true,"href":"https:\/\/www.promotio.sk\/sk\/wp-json\/wp\/v2\/comments?post=17604"}],"wp:featuredmedia":[{"embeddable":true,"href":"https:\/\/www.promotio.sk\/sk\/wp-json\/wp\/v2\/media\/17605"}],"wp:attachment":[{"href":"https:\/\/www.promotio.sk\/sk\/wp-json\/wp\/v2\/media?parent=17604"}],"wp:term":[{"taxonomy":"product_cat","embeddable":true,"href":"https:\/\/www.promotio.sk\/sk\/wp-json\/wp\/v2\/product_cat?post=17604"},{"taxonomy":"product_tag","embeddable":true,"href":"https:\/\/www.promotio.sk\/sk\/wp-json\/wp\/v2\/product_tag?post=17604"}],"curies":[{"name":"wp","href":"https:\/\/api.w.org\/{rel}","templated":true}]}}