{"id":17601,"date":"2024-03-08T21:34:56","date_gmt":"2024-03-08T20:34:56","guid":{"rendered":"https:\/\/www.promotio.sk\/shop\/nezaraden\u00e9\/santis\/"},"modified":"2024-03-08T21:35:30","modified_gmt":"2024-03-08T20:35:30","slug":"santis","status":"publish","type":"product","link":"https:\/\/www.promotio.sk\/sk\/shop\/promo-items\/selfcare\/pocket_mirrors\/santis\/","title":{"rendered":"SANTIS"},"content":{"rendered":"<p>Vreckov\u00e9 skladacie zrkadlo vyroben\u00e9 z pr\u00edrodn\u00e9ho korku s chr\u00f3mov\u00fdm kovov\u00fdm povrchom je elegantnou a udr\u017eate\u013enou mo\u017enos\u0165ou, ktor\u00fa m\u00f4\u017eete nosi\u0165 v\u017edy so sebou. Toto zrkadlo m\u00e1 \u0161tvorcov\u00fd a kompaktn\u00fd dizajn, ide\u00e1lne sa hod\u00ed do ta\u0161iek, vreciek alebo toaletn\u00fdch ta\u0161iek.<br \/>\nZrkadlo sa sklad\u00e1 z dvoch \u010dast\u00ed: be\u017en\u00e9ho zrkadla a zv\u00e4\u010d\u0161ovacieho zrkadla, ktor\u00e9 v\u00e1m umo\u017e\u0148uje ma\u0165 r\u00f4zne mo\u017enosti pri nan\u00e1\u0161an\u00ed make-upu alebo \u00faprave seba. Zv\u00e4\u010d\u0161ovacie zrkadlo v\u00e1m poskytne zv\u00e4\u010d\u0161en\u00fd obraz pre presnej\u0161ie detaily.<br \/>\nPr\u00edrodn\u00fd korok pou\u017eit\u00fd pri v\u00fdrobe zrkadla je udr\u017eate\u013en\u00fd a ekologick\u00fd materi\u00e1l. Pochr\u00f3movan\u00fd kovov\u00fd povrch mu navy\u0161e dod\u00e1va punc elegancie a odolnosti.<br \/>Zlo\u017eenie: korok<br \/>Pozn\u00e1mky: Prezent\u00e1cia v ekologickom dizajnovom boxe.<\/p>","protected":false},"excerpt":{"rendered":"<p>The pocket folding mirror made of natural cork with chrome metal finishes is an elegant and sustainable option to always<\/p>","protected":false},"featured_media":17602,"comment_status":"open","ping_status":"closed","template":"","meta":[],"product_cat":[400,405],"product_tag":[],"class_list":{"0":"post-17601","1":"product","2":"type-product","3":"status-publish","4":"has-post-thumbnail","6":"product_cat-selfcare","7":"product_cat-pocket_mirrors","9":"first","10":"instock","11":"shipping-taxable","12":"purchasable","13":"product-type-variable"},"_links":{"self":[{"href":"https:\/\/www.promotio.sk\/sk\/wp-json\/wp\/v2\/product\/17601","targetHints":{"allow":["GET"]}}],"collection":[{"href":"https:\/\/www.promotio.sk\/sk\/wp-json\/wp\/v2\/product"}],"about":[{"href":"https:\/\/www.promotio.sk\/sk\/wp-json\/wp\/v2\/types\/product"}],"replies":[{"embeddable":true,"href":"https:\/\/www.promotio.sk\/sk\/wp-json\/wp\/v2\/comments?post=17601"}],"wp:featuredmedia":[{"embeddable":true,"href":"https:\/\/www.promotio.sk\/sk\/wp-json\/wp\/v2\/media\/17602"}],"wp:attachment":[{"href":"https:\/\/www.promotio.sk\/sk\/wp-json\/wp\/v2\/media?parent=17601"}],"wp:term":[{"taxonomy":"product_cat","embeddable":true,"href":"https:\/\/www.promotio.sk\/sk\/wp-json\/wp\/v2\/product_cat?post=17601"},{"taxonomy":"product_tag","embeddable":true,"href":"https:\/\/www.promotio.sk\/sk\/wp-json\/wp\/v2\/product_tag?post=17601"}],"curies":[{"name":"wp","href":"https:\/\/api.w.org\/{rel}","templated":true}]}}