{"id":17523,"date":"2024-03-08T21:30:41","date_gmt":"2024-03-08T20:30:41","guid":{"rendered":"https:\/\/www.promotio.sk\/shop\/nezaraden\u00e9\/chakra\/"},"modified":"2024-03-08T21:31:17","modified_gmt":"2024-03-08T20:31:17","slug":"chakra","status":"publish","type":"product","link":"https:\/\/www.promotio.sk\/sk\/shop\/promo-items\/sport_leisure\/fitness\/chakra\/","title":{"rendered":"\u010cAKRA"},"content":{"rendered":"<p>Podlo\u017eka na jogu s praktick\u00fdm puzdrom. Odoln\u00fd a proti\u0161mykov\u00fd povrch.<br \/>\n<br \/>Zlo\u017eenie: PVC<\/p>","protected":false},"excerpt":{"rendered":"<p>Yoga mat with practical carry pouch. Resistant and non-slip surface. Composition: PVC<\/p>","protected":false},"featured_media":17524,"comment_status":"open","ping_status":"closed","template":"","meta":[],"product_cat":[415,412],"product_tag":[],"class_list":{"0":"post-17523","1":"product","2":"type-product","3":"status-publish","4":"has-post-thumbnail","6":"product_cat-fitness","7":"product_cat-sport_leisure","9":"first","10":"instock","11":"shipping-taxable","12":"purchasable","13":"product-type-variable"},"_links":{"self":[{"href":"https:\/\/www.promotio.sk\/sk\/wp-json\/wp\/v2\/product\/17523","targetHints":{"allow":["GET"]}}],"collection":[{"href":"https:\/\/www.promotio.sk\/sk\/wp-json\/wp\/v2\/product"}],"about":[{"href":"https:\/\/www.promotio.sk\/sk\/wp-json\/wp\/v2\/types\/product"}],"replies":[{"embeddable":true,"href":"https:\/\/www.promotio.sk\/sk\/wp-json\/wp\/v2\/comments?post=17523"}],"wp:featuredmedia":[{"embeddable":true,"href":"https:\/\/www.promotio.sk\/sk\/wp-json\/wp\/v2\/media\/17524"}],"wp:attachment":[{"href":"https:\/\/www.promotio.sk\/sk\/wp-json\/wp\/v2\/media?parent=17523"}],"wp:term":[{"taxonomy":"product_cat","embeddable":true,"href":"https:\/\/www.promotio.sk\/sk\/wp-json\/wp\/v2\/product_cat?post=17523"},{"taxonomy":"product_tag","embeddable":true,"href":"https:\/\/www.promotio.sk\/sk\/wp-json\/wp\/v2\/product_tag?post=17523"}],"curies":[{"name":"wp","href":"https:\/\/api.w.org\/{rel}","templated":true}]}}