{"id":17506,"date":"2024-03-08T21:29:51","date_gmt":"2024-03-08T20:29:51","guid":{"rendered":"https:\/\/www.promotio.sk\/shop\/nezaraden\u00e9\/emon\/"},"modified":"2024-03-08T21:30:39","modified_gmt":"2024-03-08T20:30:39","slug":"emon","status":"publish","type":"product","link":"https:\/\/www.promotio.sk\/sk\/shop\/promo-items\/sport_leisure\/fitness\/emon\/","title":{"rendered":"EMON"},"content":{"rendered":"<p>Sada elastick\u00fdch p\u00e1sov pre fitness s r\u00f4znymi \u00farov\u0148ami odporu. Polyesterov\u00e9 vrecko. <br \/>Zlo\u017eenie: Polyester a latex.<br \/>Pozn\u00e1mky: Rozmery p\u00e1su: 30 x 5 cm.<\/p>","protected":false},"excerpt":{"rendered":"<p>Set of elastic bands for fitness with different resistance levels. Polyester pouch. Composition: Polyester and latex.Remarks: Bands measures: 30 x<\/p>","protected":false},"featured_media":17507,"comment_status":"open","ping_status":"closed","template":"","meta":[],"product_cat":[415,412],"product_tag":[],"class_list":{"0":"post-17506","1":"product","2":"type-product","3":"status-publish","4":"has-post-thumbnail","6":"product_cat-fitness","7":"product_cat-sport_leisure","9":"first","10":"instock","11":"shipping-taxable","12":"purchasable","13":"product-type-variable"},"_links":{"self":[{"href":"https:\/\/www.promotio.sk\/sk\/wp-json\/wp\/v2\/product\/17506","targetHints":{"allow":["GET"]}}],"collection":[{"href":"https:\/\/www.promotio.sk\/sk\/wp-json\/wp\/v2\/product"}],"about":[{"href":"https:\/\/www.promotio.sk\/sk\/wp-json\/wp\/v2\/types\/product"}],"replies":[{"embeddable":true,"href":"https:\/\/www.promotio.sk\/sk\/wp-json\/wp\/v2\/comments?post=17506"}],"wp:featuredmedia":[{"embeddable":true,"href":"https:\/\/www.promotio.sk\/sk\/wp-json\/wp\/v2\/media\/17507"}],"wp:attachment":[{"href":"https:\/\/www.promotio.sk\/sk\/wp-json\/wp\/v2\/media?parent=17506"}],"wp:term":[{"taxonomy":"product_cat","embeddable":true,"href":"https:\/\/www.promotio.sk\/sk\/wp-json\/wp\/v2\/product_cat?post=17506"},{"taxonomy":"product_tag","embeddable":true,"href":"https:\/\/www.promotio.sk\/sk\/wp-json\/wp\/v2\/product_tag?post=17506"}],"curies":[{"name":"wp","href":"https:\/\/api.w.org\/{rel}","templated":true}]}}