{"id":17504,"date":"2024-03-08T21:29:49","date_gmt":"2024-03-08T20:29:49","guid":{"rendered":"https:\/\/www.promotio.sk\/shop\/nezaraden\u00e9\/vulcan\/"},"modified":"2024-03-08T21:31:34","modified_gmt":"2024-03-08T20:31:34","slug":"vulcan","status":"publish","type":"product","link":"https:\/\/www.promotio.sk\/sk\/shop\/promo-items\/sport_leisure\/fitness\/vulcan\/","title":{"rendered":"VULCAN"},"content":{"rendered":"<p>Skladacia s\u00faprava trekingov\u00fdch pal\u00edc z hlin\u00edka s tlmen\u00edm n\u00e1razov. Ergonomick\u00e1 rukov\u00e4\u0165 a nastavite\u013en\u00fd bezpe\u010dnostn\u00fd popruh. Vr\u00e1tane snehov\u00e9ho pr\u00edslu\u0161enstva. Vystu\u017een\u00fd povrch kontaktu so zemou. <br \/>Zlo\u017eenie: hlin\u00edk<br \/>Pozn\u00e1mky: Prezent\u00e1cia v praktickej prenosnej ta\u0161ke s popruhom cez rameno. <\/p>","protected":false},"excerpt":{"rendered":"<p>Foldable trekking pole set in aluminium with shock absorption. Ergonomic grip and adjustable security strap. Snow accessory included. Reinforced ground<\/p>","protected":false},"featured_media":17505,"comment_status":"open","ping_status":"closed","template":"","meta":[],"product_cat":[415,412],"product_tag":[],"class_list":{"0":"post-17504","1":"product","2":"type-product","3":"status-publish","4":"has-post-thumbnail","6":"product_cat-fitness","7":"product_cat-sport_leisure","9":"first","10":"instock","11":"shipping-taxable","12":"purchasable","13":"product-type-variable"},"_links":{"self":[{"href":"https:\/\/www.promotio.sk\/sk\/wp-json\/wp\/v2\/product\/17504","targetHints":{"allow":["GET"]}}],"collection":[{"href":"https:\/\/www.promotio.sk\/sk\/wp-json\/wp\/v2\/product"}],"about":[{"href":"https:\/\/www.promotio.sk\/sk\/wp-json\/wp\/v2\/types\/product"}],"replies":[{"embeddable":true,"href":"https:\/\/www.promotio.sk\/sk\/wp-json\/wp\/v2\/comments?post=17504"}],"wp:featuredmedia":[{"embeddable":true,"href":"https:\/\/www.promotio.sk\/sk\/wp-json\/wp\/v2\/media\/17505"}],"wp:attachment":[{"href":"https:\/\/www.promotio.sk\/sk\/wp-json\/wp\/v2\/media?parent=17504"}],"wp:term":[{"taxonomy":"product_cat","embeddable":true,"href":"https:\/\/www.promotio.sk\/sk\/wp-json\/wp\/v2\/product_cat?post=17504"},{"taxonomy":"product_tag","embeddable":true,"href":"https:\/\/www.promotio.sk\/sk\/wp-json\/wp\/v2\/product_tag?post=17504"}],"curies":[{"name":"wp","href":"https:\/\/api.w.org\/{rel}","templated":true}]}}