{"id":17491,"date":"2024-03-08T21:29:09","date_gmt":"2024-03-08T20:29:09","guid":{"rendered":"https:\/\/www.promotio.sk\/shop\/nezaraden\u00e9\/rocky\/"},"modified":"2024-03-08T21:29:47","modified_gmt":"2024-03-08T20:29:47","slug":"rocky","status":"publish","type":"product","link":"https:\/\/www.promotio.sk\/sk\/shop\/promo-items\/sport_leisure\/fitness\/rocky\/","title":{"rendered":"ROCKY"},"content":{"rendered":"<p>Nastavite\u013en\u00e9 technick\u00e9 \u0161vihadlo (d\u013a\u017eka 300 cm). Upravte d\u013a\u017eku lana, aby ste zv\u00fd\u0161ili alebo zn\u00ed\u017eili r\u00fdchlos\u0165 preskakovania. Vr\u00e1tane ta\u0161ti\u010dky na pren\u00e1\u0161anie na \u0161n\u00farku.<\/p>","protected":false},"excerpt":{"rendered":"<p>Adjustable technical skipping rope (300 cm long). Adjust the length of the rope to increase or reduce the skipping speed.<\/p>","protected":false},"featured_media":17493,"comment_status":"open","ping_status":"closed","template":"","meta":[],"product_cat":[415,412],"product_tag":[],"class_list":{"0":"post-17491","1":"product","2":"type-product","3":"status-publish","4":"has-post-thumbnail","6":"product_cat-fitness","7":"product_cat-sport_leisure","9":"first","10":"instock","11":"shipping-taxable","12":"purchasable","13":"product-type-variable"},"_links":{"self":[{"href":"https:\/\/www.promotio.sk\/sk\/wp-json\/wp\/v2\/product\/17491","targetHints":{"allow":["GET"]}}],"collection":[{"href":"https:\/\/www.promotio.sk\/sk\/wp-json\/wp\/v2\/product"}],"about":[{"href":"https:\/\/www.promotio.sk\/sk\/wp-json\/wp\/v2\/types\/product"}],"replies":[{"embeddable":true,"href":"https:\/\/www.promotio.sk\/sk\/wp-json\/wp\/v2\/comments?post=17491"}],"wp:featuredmedia":[{"embeddable":true,"href":"https:\/\/www.promotio.sk\/sk\/wp-json\/wp\/v2\/media\/17493"}],"wp:attachment":[{"href":"https:\/\/www.promotio.sk\/sk\/wp-json\/wp\/v2\/media?parent=17491"}],"wp:term":[{"taxonomy":"product_cat","embeddable":true,"href":"https:\/\/www.promotio.sk\/sk\/wp-json\/wp\/v2\/product_cat?post=17491"},{"taxonomy":"product_tag","embeddable":true,"href":"https:\/\/www.promotio.sk\/sk\/wp-json\/wp\/v2\/product_tag?post=17491"}],"curies":[{"name":"wp","href":"https:\/\/api.w.org\/{rel}","templated":true}]}}