{"id":17471,"date":"2024-03-08T21:28:06","date_gmt":"2024-03-08T20:28:06","guid":{"rendered":"https:\/\/www.promotio.sk\/shop\/nezaraden\u00e9\/aura\/"},"modified":"2024-03-08T21:28:40","modified_gmt":"2024-03-08T20:28:40","slug":"aura","status":"publish","type":"product","link":"https:\/\/www.promotio.sk\/sk\/shop\/promo-items\/sport_leisure\/fitness\/aura\/","title":{"rendered":"AURA"},"content":{"rendered":"<p>Podlo\u017eka na jogu z pr\u00edrodn\u00e9ho korku s proti\u0161mykovou z\u00e1klad\u0148ou a popruhom na pren\u00e1\u0161anie.<br \/>Zlo\u017eenie: pr\u00edrodn\u00fd korok.<\/p>","protected":false},"excerpt":{"rendered":"<p>Yoga mat in natural cork, with anti-slip base and carry strap.Composition: Natural cork.<\/p>","protected":false},"featured_media":17472,"comment_status":"open","ping_status":"closed","template":"","meta":[],"product_cat":[415,412],"product_tag":[],"class_list":{"0":"post-17471","1":"product","2":"type-product","3":"status-publish","4":"has-post-thumbnail","6":"product_cat-fitness","7":"product_cat-sport_leisure","9":"first","10":"instock","11":"shipping-taxable","12":"purchasable","13":"product-type-variable"},"_links":{"self":[{"href":"https:\/\/www.promotio.sk\/sk\/wp-json\/wp\/v2\/product\/17471","targetHints":{"allow":["GET"]}}],"collection":[{"href":"https:\/\/www.promotio.sk\/sk\/wp-json\/wp\/v2\/product"}],"about":[{"href":"https:\/\/www.promotio.sk\/sk\/wp-json\/wp\/v2\/types\/product"}],"replies":[{"embeddable":true,"href":"https:\/\/www.promotio.sk\/sk\/wp-json\/wp\/v2\/comments?post=17471"}],"wp:featuredmedia":[{"embeddable":true,"href":"https:\/\/www.promotio.sk\/sk\/wp-json\/wp\/v2\/media\/17472"}],"wp:attachment":[{"href":"https:\/\/www.promotio.sk\/sk\/wp-json\/wp\/v2\/media?parent=17471"}],"wp:term":[{"taxonomy":"product_cat","embeddable":true,"href":"https:\/\/www.promotio.sk\/sk\/wp-json\/wp\/v2\/product_cat?post=17471"},{"taxonomy":"product_tag","embeddable":true,"href":"https:\/\/www.promotio.sk\/sk\/wp-json\/wp\/v2\/product_tag?post=17471"}],"curies":[{"name":"wp","href":"https:\/\/api.w.org\/{rel}","templated":true}]}}