{"id":17469,"date":"2024-03-08T21:28:03","date_gmt":"2024-03-08T20:28:03","guid":{"rendered":"https:\/\/www.promotio.sk\/shop\/nezaraden\u00e9\/mesler\/"},"modified":"2024-03-10T09:37:23","modified_gmt":"2024-03-10T08:37:23","slug":"mesler","status":"publish","type":"product","link":"https:\/\/www.promotio.sk\/sk\/shop\/promo-items\/selfcare\/lip_balms-toothbrushs\/mesler\/","title":{"rendered":"MESLER"},"content":{"rendered":"<p>S\u00faprava zubnej kefky s pieskov\u00fdmi hodinami. Zubn\u00e1 kefka s farebn\u00fdm z\u00e1bavn\u00fdm dizajnom a m\u00e4kk\u00fdm dotykom s pr\u00edsavkami na z\u00e1kladni. 2-min\u00fatov\u00e9 pieskov\u00e9 hodiny. <br \/>Pozn\u00e1mky: Prezent\u00e1cia v samostatnom vzduchotesnom obale.<\/p>","protected":false},"excerpt":{"rendered":"<p>Toothbrush set with sand clock. Toothbrush in colourful fun design and soft touch, with suction pads on the base. 2-minute<\/p>","protected":false},"featured_media":17470,"comment_status":"open","ping_status":"closed","template":"","meta":[],"product_cat":[401,400],"product_tag":[],"class_list":{"0":"post-17469","1":"product","2":"type-product","3":"status-publish","4":"has-post-thumbnail","6":"product_cat-lip_balms-toothbrushs","7":"product_cat-selfcare","9":"first","10":"instock","11":"shipping-taxable","12":"purchasable","13":"product-type-variable"},"_links":{"self":[{"href":"https:\/\/www.promotio.sk\/sk\/wp-json\/wp\/v2\/product\/17469","targetHints":{"allow":["GET"]}}],"collection":[{"href":"https:\/\/www.promotio.sk\/sk\/wp-json\/wp\/v2\/product"}],"about":[{"href":"https:\/\/www.promotio.sk\/sk\/wp-json\/wp\/v2\/types\/product"}],"replies":[{"embeddable":true,"href":"https:\/\/www.promotio.sk\/sk\/wp-json\/wp\/v2\/comments?post=17469"}],"wp:featuredmedia":[{"embeddable":true,"href":"https:\/\/www.promotio.sk\/sk\/wp-json\/wp\/v2\/media\/17470"}],"wp:attachment":[{"href":"https:\/\/www.promotio.sk\/sk\/wp-json\/wp\/v2\/media?parent=17469"}],"wp:term":[{"taxonomy":"product_cat","embeddable":true,"href":"https:\/\/www.promotio.sk\/sk\/wp-json\/wp\/v2\/product_cat?post=17469"},{"taxonomy":"product_tag","embeddable":true,"href":"https:\/\/www.promotio.sk\/sk\/wp-json\/wp\/v2\/product_tag?post=17469"}],"curies":[{"name":"wp","href":"https:\/\/api.w.org\/{rel}","templated":true}]}}