{"id":17408,"date":"2024-03-08T21:24:25","date_gmt":"2024-03-08T20:24:25","guid":{"rendered":"https:\/\/www.promotio.sk\/shop\/nezaraden\u00e9\/canary\/"},"modified":"2024-03-08T21:25:46","modified_gmt":"2024-03-08T20:25:46","slug":"canary","status":"publish","type":"product","link":"https:\/\/www.promotio.sk\/sk\/shop\/promo-items\/sport_leisure\/sport_accessories\/canary\/","title":{"rendered":"KAN\u00c1RSKY"},"content":{"rendered":"<p>\u0160portov\u00e1 ta\u0161ka s dvojitou rukov\u00e4\u0165ou a dlh\u00fdm nastavite\u013en\u00fdm popruhom. Hlavn\u00e9 vrecko s dvojit\u00fdm s\u0165ahova\u010dom. Vrecko na top\u00e1nky s vyberate\u013enou priehradkou. Odoln\u00fd vo\u010di vlhkosti. Tvrd\u00e9 dno. Jednoduch\u00e9 \u010distenie. Kapacita 53 litrov.<br \/>\n<br \/>Zlo\u017eenie: 100% 600D polyester, 330 gsm.<br \/>Pozn\u00e1mky: * Odn\u00edmate\u013en\u00fd \u0161t\u00edtok.<br \/>\n* Vodotesn\u00fd.<br \/>\n* Kapacita 53 litrov.<\/p>","protected":false},"excerpt":{"rendered":"<p>Sports bag with double handle and a long adjustable carry strap. Main pocket with double puller. Shoe pocket with removable<\/p>","protected":false},"featured_media":17409,"comment_status":"open","ping_status":"closed","template":"","meta":[],"product_cat":[413,412],"product_tag":[],"class_list":{"0":"post-17408","1":"product","2":"type-product","3":"status-publish","4":"has-post-thumbnail","6":"product_cat-sport_accessories","7":"product_cat-sport_leisure","9":"first","10":"instock","11":"shipping-taxable","12":"purchasable","13":"product-type-variable"},"_links":{"self":[{"href":"https:\/\/www.promotio.sk\/sk\/wp-json\/wp\/v2\/product\/17408","targetHints":{"allow":["GET"]}}],"collection":[{"href":"https:\/\/www.promotio.sk\/sk\/wp-json\/wp\/v2\/product"}],"about":[{"href":"https:\/\/www.promotio.sk\/sk\/wp-json\/wp\/v2\/types\/product"}],"replies":[{"embeddable":true,"href":"https:\/\/www.promotio.sk\/sk\/wp-json\/wp\/v2\/comments?post=17408"}],"wp:featuredmedia":[{"embeddable":true,"href":"https:\/\/www.promotio.sk\/sk\/wp-json\/wp\/v2\/media\/17409"}],"wp:attachment":[{"href":"https:\/\/www.promotio.sk\/sk\/wp-json\/wp\/v2\/media?parent=17408"}],"wp:term":[{"taxonomy":"product_cat","embeddable":true,"href":"https:\/\/www.promotio.sk\/sk\/wp-json\/wp\/v2\/product_cat?post=17408"},{"taxonomy":"product_tag","embeddable":true,"href":"https:\/\/www.promotio.sk\/sk\/wp-json\/wp\/v2\/product_tag?post=17408"}],"curies":[{"name":"wp","href":"https:\/\/api.w.org\/{rel}","templated":true}]}}