{"id":17387,"date":"2024-03-08T21:23:12","date_gmt":"2024-03-08T20:23:12","guid":{"rendered":"https:\/\/www.promotio.sk\/shop\/nezaraden\u00e9\/falco\/"},"modified":"2024-03-08T21:24:12","modified_gmt":"2024-03-08T20:24:12","slug":"falco","status":"publish","type":"product","link":"https:\/\/www.promotio.sk\/sk\/shop\/promo-items\/sport_leisure\/sport_accessories\/falco\/","title":{"rendered":"FALCO"},"content":{"rendered":"<p>Dvojfarebn\u00fd \u0161portov\u00fd batoh s ergonomick\u00fdm dizajnom a jednoduch\u00fdm prisp\u00f4soben\u00edm.<br \/>\n\u00b7 Dvojit\u00e9 vystu\u017een\u00e9 ramenn\u00e9 popruhy a jedna rukov\u00e4\u0165.<br \/>\n\u00b7 Pre\u0161\u00edvan\u00e1 zadn\u00e1 \u010das\u0165 v hlavn\u00fdch oporn\u00fdch bodoch.<br \/>\n\u00b7 Pre\u0161\u00edvan\u00e1 priehradka na top\u00e1nky.<br \/>\n\u00b7 Jedno hlavn\u00e9 vrecko s dvojit\u00fdm s\u0165ahova\u010dom a men\u0161ie vonkaj\u0161ie predn\u00e9 vrecko.<br \/>\n<br \/>Zlo\u017eenie: 100% 900D polyester, 420 g\/m2.<br \/>Pozn\u00e1mky: * Odn\u00edmate\u013en\u00fd \u0161t\u00edtok.<br \/>\n* Vodotesn\u00fd.<br \/>\n* Kapacita 30 litrov.<\/p>","protected":false},"excerpt":{"rendered":"<p>Two-colour sports backpack in ergonomic design and easy to customize. \u00b7 Double reinforced shoulder straps and one handle. \u00b7 Quilted<\/p>","protected":false},"featured_media":17388,"comment_status":"open","ping_status":"closed","template":"","meta":[],"product_cat":[413,412],"product_tag":[],"class_list":{"0":"post-17387","1":"product","2":"type-product","3":"status-publish","4":"has-post-thumbnail","6":"product_cat-sport_accessories","7":"product_cat-sport_leisure","9":"first","10":"instock","11":"shipping-taxable","12":"purchasable","13":"product-type-variable"},"_links":{"self":[{"href":"https:\/\/www.promotio.sk\/sk\/wp-json\/wp\/v2\/product\/17387","targetHints":{"allow":["GET"]}}],"collection":[{"href":"https:\/\/www.promotio.sk\/sk\/wp-json\/wp\/v2\/product"}],"about":[{"href":"https:\/\/www.promotio.sk\/sk\/wp-json\/wp\/v2\/types\/product"}],"replies":[{"embeddable":true,"href":"https:\/\/www.promotio.sk\/sk\/wp-json\/wp\/v2\/comments?post=17387"}],"wp:featuredmedia":[{"embeddable":true,"href":"https:\/\/www.promotio.sk\/sk\/wp-json\/wp\/v2\/media\/17388"}],"wp:attachment":[{"href":"https:\/\/www.promotio.sk\/sk\/wp-json\/wp\/v2\/media?parent=17387"}],"wp:term":[{"taxonomy":"product_cat","embeddable":true,"href":"https:\/\/www.promotio.sk\/sk\/wp-json\/wp\/v2\/product_cat?post=17387"},{"taxonomy":"product_tag","embeddable":true,"href":"https:\/\/www.promotio.sk\/sk\/wp-json\/wp\/v2\/product_tag?post=17387"}],"curies":[{"name":"wp","href":"https:\/\/api.w.org\/{rel}","templated":true}]}}