{"id":17313,"date":"2024-03-08T14:57:28","date_gmt":"2024-03-08T13:57:28","guid":{"rendered":"https:\/\/www.promotio.sk\/shop\/nezaraden\u00e9\/calesa\/"},"modified":"2024-03-08T14:59:33","modified_gmt":"2024-03-08T13:59:33","slug":"calesa","status":"publish","type":"product","link":"https:\/\/www.promotio.sk\/sk\/shop\/promo-items\/party-events\/fans_scarves\/calesa\/","title":{"rendered":"CALESA"},"content":{"rendered":"<p>Ru\u010dn\u00fd ventil\u00e1tor s dreven\u00fdmi rebrami a polyesterovou tkaninou. <br \/>Zlo\u017eenie: Drevo a polyester.<br \/>Pozn\u00e1mky: Prezent\u00e1cia v bielom r\u00e1m\u010deku.<\/p>","protected":false},"excerpt":{"rendered":"<p>Hand fan with wooden ribs and polyester fabric. Composition: Wood and polyester.Remarks: Presentation in white box.<\/p>","protected":false},"featured_media":17314,"comment_status":"open","ping_status":"closed","template":"","meta":[],"product_cat":[380,375],"product_tag":[],"class_list":{"0":"post-17313","1":"product","2":"type-product","3":"status-publish","4":"has-post-thumbnail","6":"product_cat-fans_scarves","7":"product_cat-party-events","9":"first","10":"instock","11":"shipping-taxable","12":"purchasable","13":"product-type-variable"},"_links":{"self":[{"href":"https:\/\/www.promotio.sk\/sk\/wp-json\/wp\/v2\/product\/17313","targetHints":{"allow":["GET"]}}],"collection":[{"href":"https:\/\/www.promotio.sk\/sk\/wp-json\/wp\/v2\/product"}],"about":[{"href":"https:\/\/www.promotio.sk\/sk\/wp-json\/wp\/v2\/types\/product"}],"replies":[{"embeddable":true,"href":"https:\/\/www.promotio.sk\/sk\/wp-json\/wp\/v2\/comments?post=17313"}],"wp:featuredmedia":[{"embeddable":true,"href":"https:\/\/www.promotio.sk\/sk\/wp-json\/wp\/v2\/media\/17314"}],"wp:attachment":[{"href":"https:\/\/www.promotio.sk\/sk\/wp-json\/wp\/v2\/media?parent=17313"}],"wp:term":[{"taxonomy":"product_cat","embeddable":true,"href":"https:\/\/www.promotio.sk\/sk\/wp-json\/wp\/v2\/product_cat?post=17313"},{"taxonomy":"product_tag","embeddable":true,"href":"https:\/\/www.promotio.sk\/sk\/wp-json\/wp\/v2\/product_tag?post=17313"}],"curies":[{"name":"wp","href":"https:\/\/api.w.org\/{rel}","templated":true}]}}