{"id":17253,"date":"2024-03-08T14:52:04","date_gmt":"2024-03-08T13:52:04","guid":{"rendered":"https:\/\/www.promotio.sk\/shop\/nezaraden\u00e9\/jamboree\/"},"modified":"2024-03-08T14:53:37","modified_gmt":"2024-03-08T13:53:37","slug":"jamboree","status":"publish","type":"product","link":"https:\/\/www.promotio.sk\/sk\/shop\/promo-items\/party-events\/cheering\/jamboree\/","title":{"rendered":"JAMBOREE"},"content":{"rendered":"<p>Sada dvoch nafukovac\u00edch a opakovane pou\u017eite\u013en\u00fdch obu\u0161kov z LDPE. Vr\u00e1tane nafukovacieho ventilu. <br \/>Zlo\u017eenie: Plast<br \/>Pozn\u00e1mky: U\u017e\u00edvate\u013esk\u00e9 pokyny vytla\u010den\u00e9 na individu\u00e1lnom vrecku.<\/p>","protected":false},"excerpt":{"rendered":"<p>Set of two inflatable and reusable cheer batons in LDPE. Inflating valve included. Composition: PlasticRemarks: User&#8217;s instructions printed on individual<\/p>","protected":false},"featured_media":17254,"comment_status":"open","ping_status":"closed","template":"","meta":[],"product_cat":[383,375],"product_tag":[],"class_list":{"0":"post-17253","1":"product","2":"type-product","3":"status-publish","4":"has-post-thumbnail","6":"product_cat-cheering","7":"product_cat-party-events","9":"first","10":"instock","11":"shipping-taxable","12":"purchasable","13":"product-type-variable"},"_links":{"self":[{"href":"https:\/\/www.promotio.sk\/sk\/wp-json\/wp\/v2\/product\/17253","targetHints":{"allow":["GET"]}}],"collection":[{"href":"https:\/\/www.promotio.sk\/sk\/wp-json\/wp\/v2\/product"}],"about":[{"href":"https:\/\/www.promotio.sk\/sk\/wp-json\/wp\/v2\/types\/product"}],"replies":[{"embeddable":true,"href":"https:\/\/www.promotio.sk\/sk\/wp-json\/wp\/v2\/comments?post=17253"}],"wp:featuredmedia":[{"embeddable":true,"href":"https:\/\/www.promotio.sk\/sk\/wp-json\/wp\/v2\/media\/17254"}],"wp:attachment":[{"href":"https:\/\/www.promotio.sk\/sk\/wp-json\/wp\/v2\/media?parent=17253"}],"wp:term":[{"taxonomy":"product_cat","embeddable":true,"href":"https:\/\/www.promotio.sk\/sk\/wp-json\/wp\/v2\/product_cat?post=17253"},{"taxonomy":"product_tag","embeddable":true,"href":"https:\/\/www.promotio.sk\/sk\/wp-json\/wp\/v2\/product_tag?post=17253"}],"curies":[{"name":"wp","href":"https:\/\/api.w.org\/{rel}","templated":true}]}}