{"id":17045,"date":"2024-03-08T14:31:48","date_gmt":"2024-03-08T13:31:48","guid":{"rendered":"https:\/\/www.promotio.sk\/shop\/nezaraden\u00e9\/yobo\/"},"modified":"2024-03-08T14:32:24","modified_gmt":"2024-03-08T13:32:24","slug":"yobo","status":"publish","type":"product","link":"https:\/\/www.promotio.sk\/sk\/shop\/promo-items\/mugs-cups-tableware\/take_away\/yobo\/","title":{"rendered":"YOBO"},"content":{"rendered":"<p>Lunchbox vyroben\u00fd z PLA so s\u0165ahovac\u00edm silik\u00f3nov\u00fdm remienkom. Obsahuje vidli\u010dku, ly\u017eicu a n\u00f4\u017e. Kapacita 1 L. Vychutnajte si jedlo kdeko\u013evek.<br \/>Zlo\u017eenie: PLA<br \/>Pozn\u00e1mky: Nevhodn\u00e9 do mikrovlnnej r\u00fary.<br \/>\nNevhodn\u00e9 do um\u00fdva\u010dky riadu.<\/p>","protected":false},"excerpt":{"rendered":"<p>Lunchbox made of PLA with tightening silicone strap. Includes fork, spoon and knife. Capacity of 1 L. Enjoy food anywhere.Composition:<\/p>","protected":false},"featured_media":17046,"comment_status":"open","ping_status":"closed","template":"","meta":[],"product_cat":[371,382],"product_tag":[],"class_list":{"0":"post-17045","1":"product","2":"type-product","3":"status-publish","4":"has-post-thumbnail","6":"product_cat-mugs-cups-tableware","7":"product_cat-take_away","9":"first","10":"instock","11":"shipping-taxable","12":"purchasable","13":"product-type-variable"},"_links":{"self":[{"href":"https:\/\/www.promotio.sk\/sk\/wp-json\/wp\/v2\/product\/17045","targetHints":{"allow":["GET"]}}],"collection":[{"href":"https:\/\/www.promotio.sk\/sk\/wp-json\/wp\/v2\/product"}],"about":[{"href":"https:\/\/www.promotio.sk\/sk\/wp-json\/wp\/v2\/types\/product"}],"replies":[{"embeddable":true,"href":"https:\/\/www.promotio.sk\/sk\/wp-json\/wp\/v2\/comments?post=17045"}],"wp:featuredmedia":[{"embeddable":true,"href":"https:\/\/www.promotio.sk\/sk\/wp-json\/wp\/v2\/media\/17046"}],"wp:attachment":[{"href":"https:\/\/www.promotio.sk\/sk\/wp-json\/wp\/v2\/media?parent=17045"}],"wp:term":[{"taxonomy":"product_cat","embeddable":true,"href":"https:\/\/www.promotio.sk\/sk\/wp-json\/wp\/v2\/product_cat?post=17045"},{"taxonomy":"product_tag","embeddable":true,"href":"https:\/\/www.promotio.sk\/sk\/wp-json\/wp\/v2\/product_tag?post=17045"}],"curies":[{"name":"wp","href":"https:\/\/api.w.org\/{rel}","templated":true}]}}