{"id":17036,"date":"2024-03-08T14:31:00","date_gmt":"2024-03-08T13:31:00","guid":{"rendered":"https:\/\/www.promotio.sk\/shop\/nezaraden\u00e9\/gosto\/"},"modified":"2024-03-08T14:31:46","modified_gmt":"2024-03-08T13:31:46","slug":"gosto","status":"publish","type":"product","link":"https:\/\/www.promotio.sk\/sk\/shop\/promo-items\/mugs-cups-tableware\/mugs\/gosto\/","title":{"rendered":"GOSTO"},"content":{"rendered":"<p>Antibakteri\u00e1lny skladac\u00ed poh\u00e1r s vrchn\u00e1kom a striebornou karab\u00ednkou. Kapacita 220 ml.<br \/>\nTento n\u00e1dhern\u00fd poh\u00e1r si m\u00f4\u017eete vzia\u0165 kamko\u013evek, bez toho, aby zaberal miesto.<br \/>Zlo\u017eenie: Antibakteri\u00e1lny PP.<br \/>Pozn\u00e1mky: Nie je mo\u017en\u00e9 um\u00fdva\u0165 v um\u00fdva\u010dke riadu.<\/p>","protected":false},"excerpt":{"rendered":"<p>Anti-bacterial folding cup with lid and silver carrying carabiner. 220 ml capacity. This magnificent cup can be taken anywhere, without<\/p>","protected":false},"featured_media":17037,"comment_status":"open","ping_status":"closed","template":"","meta":[],"product_cat":[374,372,371],"product_tag":[],"class_list":{"0":"post-17036","1":"product","2":"type-product","3":"status-publish","4":"has-post-thumbnail","6":"product_cat-cups-jars","7":"product_cat-mugs","8":"product_cat-mugs-cups-tableware","10":"first","11":"instock","12":"shipping-taxable","13":"purchasable","14":"product-type-variable"},"_links":{"self":[{"href":"https:\/\/www.promotio.sk\/sk\/wp-json\/wp\/v2\/product\/17036","targetHints":{"allow":["GET"]}}],"collection":[{"href":"https:\/\/www.promotio.sk\/sk\/wp-json\/wp\/v2\/product"}],"about":[{"href":"https:\/\/www.promotio.sk\/sk\/wp-json\/wp\/v2\/types\/product"}],"replies":[{"embeddable":true,"href":"https:\/\/www.promotio.sk\/sk\/wp-json\/wp\/v2\/comments?post=17036"}],"wp:featuredmedia":[{"embeddable":true,"href":"https:\/\/www.promotio.sk\/sk\/wp-json\/wp\/v2\/media\/17037"}],"wp:attachment":[{"href":"https:\/\/www.promotio.sk\/sk\/wp-json\/wp\/v2\/media?parent=17036"}],"wp:term":[{"taxonomy":"product_cat","embeddable":true,"href":"https:\/\/www.promotio.sk\/sk\/wp-json\/wp\/v2\/product_cat?post=17036"},{"taxonomy":"product_tag","embeddable":true,"href":"https:\/\/www.promotio.sk\/sk\/wp-json\/wp\/v2\/product_tag?post=17036"}],"curies":[{"name":"wp","href":"https:\/\/api.w.org\/{rel}","templated":true}]}}