{"id":17005,"date":"2024-03-08T14:27:54","date_gmt":"2024-03-08T13:27:54","guid":{"rendered":"https:\/\/www.promotio.sk\/shop\/nezaraden\u00e9\/kaffir\/"},"modified":"2024-03-08T14:28:42","modified_gmt":"2024-03-08T13:28:42","slug":"kaffir","status":"publish","type":"product","link":"https:\/\/www.promotio.sk\/sk\/shop\/promo-items\/mugs-cups-tableware\/mugs\/kaffir\/","title":{"rendered":"KAFFIR"},"content":{"rendered":"<p>Sklenen\u00fd hrn\u010dek s objemom 340ml, \u0161peci\u00e1lny pre sublim\u00e1ciu. Vytvorte si \u0161\u00e1lku s jedine\u010dn\u00fdm \u0161t\u00fdlom.<br \/>Zlo\u017eenie: borosilik\u00e1tov\u00e9 sklo.<br \/>Pozn\u00e1mky: Nie je vhodn\u00e9 do um\u00fdva\u010dky riadu.<br \/>\nPrezent\u00e1cia v eko boxe.<\/p>","protected":false},"excerpt":{"rendered":"<p>Glass mug with a capacity of 340ml, special for sublimation. Create a cup with a unique style.Composition: Borosilicate glass.Remarks: Not<\/p>","protected":false},"featured_media":17006,"comment_status":"open","ping_status":"closed","template":"","meta":[],"product_cat":[372,371],"product_tag":[],"class_list":{"0":"post-17005","1":"product","2":"type-product","3":"status-publish","4":"has-post-thumbnail","6":"product_cat-mugs","7":"product_cat-mugs-cups-tableware","9":"first","10":"instock","11":"shipping-taxable","12":"purchasable","13":"product-type-variable"},"_links":{"self":[{"href":"https:\/\/www.promotio.sk\/sk\/wp-json\/wp\/v2\/product\/17005","targetHints":{"allow":["GET"]}}],"collection":[{"href":"https:\/\/www.promotio.sk\/sk\/wp-json\/wp\/v2\/product"}],"about":[{"href":"https:\/\/www.promotio.sk\/sk\/wp-json\/wp\/v2\/types\/product"}],"replies":[{"embeddable":true,"href":"https:\/\/www.promotio.sk\/sk\/wp-json\/wp\/v2\/comments?post=17005"}],"wp:featuredmedia":[{"embeddable":true,"href":"https:\/\/www.promotio.sk\/sk\/wp-json\/wp\/v2\/media\/17006"}],"wp:attachment":[{"href":"https:\/\/www.promotio.sk\/sk\/wp-json\/wp\/v2\/media?parent=17005"}],"wp:term":[{"taxonomy":"product_cat","embeddable":true,"href":"https:\/\/www.promotio.sk\/sk\/wp-json\/wp\/v2\/product_cat?post=17005"},{"taxonomy":"product_tag","embeddable":true,"href":"https:\/\/www.promotio.sk\/sk\/wp-json\/wp\/v2\/product_tag?post=17005"}],"curies":[{"name":"wp","href":"https:\/\/api.w.org\/{rel}","templated":true}]}}