{"id":16989,"date":"2024-03-08T14:25:25","date_gmt":"2024-03-08T13:25:25","guid":{"rendered":"https:\/\/www.promotio.sk\/shop\/nezaraden\u00e9\/yaba\/"},"modified":"2024-03-08T14:26:17","modified_gmt":"2024-03-08T13:26:17","slug":"yaba","status":"publish","type":"product","link":"https:\/\/www.promotio.sk\/sk\/shop\/promo-items\/mugs-cups-tableware\/mugs\/yaba\/","title":{"rendered":"YABA"},"content":{"rendered":"<p>Poh\u00e1r z nehrdzavej\u00facej ocele 304 s bambusovou vonkaj\u0161ou stenou. Objem 500 ml s d\u00e1vkovac\u00edm uz\u00e1verom.<br \/>\nDokonal\u00fd poh\u00e1r na propag\u00e1ciu v\u00e1\u0161ho podnikania bez toho, aby ste zabudli na pr\u00edrodu.<br \/>Zlo\u017eenie: Bambus a nehrdzavej\u00faca oce\u013e.<br \/>Pozn\u00e1mky: Tepeln\u00e1 kapacita: 6 hod\u00edn za tepla a 15 hod\u00edn za studena.<br \/>\nPrezent\u00e1cia v ekologickom dizajnovom boxe.<br \/>\nNevhodn\u00e9 do um\u00fdva\u010dky riadu.<\/p>","protected":false},"excerpt":{"rendered":"<p>304 stainless steel cup with bamboo outer wall. 500 ml capacity with dosing cap. The perfect cup to promote your<\/p>","protected":false},"featured_media":16990,"comment_status":"open","ping_status":"closed","template":"","meta":[],"product_cat":[374,372,371],"product_tag":[],"class_list":{"0":"post-16989","1":"product","2":"type-product","3":"status-publish","4":"has-post-thumbnail","6":"product_cat-cups-jars","7":"product_cat-mugs","8":"product_cat-mugs-cups-tableware","10":"first","11":"instock","12":"shipping-taxable","13":"purchasable","14":"product-type-variable"},"_links":{"self":[{"href":"https:\/\/www.promotio.sk\/sk\/wp-json\/wp\/v2\/product\/16989","targetHints":{"allow":["GET"]}}],"collection":[{"href":"https:\/\/www.promotio.sk\/sk\/wp-json\/wp\/v2\/product"}],"about":[{"href":"https:\/\/www.promotio.sk\/sk\/wp-json\/wp\/v2\/types\/product"}],"replies":[{"embeddable":true,"href":"https:\/\/www.promotio.sk\/sk\/wp-json\/wp\/v2\/comments?post=16989"}],"wp:featuredmedia":[{"embeddable":true,"href":"https:\/\/www.promotio.sk\/sk\/wp-json\/wp\/v2\/media\/16990"}],"wp:attachment":[{"href":"https:\/\/www.promotio.sk\/sk\/wp-json\/wp\/v2\/media?parent=16989"}],"wp:term":[{"taxonomy":"product_cat","embeddable":true,"href":"https:\/\/www.promotio.sk\/sk\/wp-json\/wp\/v2\/product_cat?post=16989"},{"taxonomy":"product_tag","embeddable":true,"href":"https:\/\/www.promotio.sk\/sk\/wp-json\/wp\/v2\/product_tag?post=16989"}],"curies":[{"name":"wp","href":"https:\/\/api.w.org\/{rel}","templated":true}]}}