{"id":16969,"date":"2024-03-08T14:23:29","date_gmt":"2024-03-08T13:23:29","guid":{"rendered":"https:\/\/www.promotio.sk\/shop\/nezaraden\u00e9\/milu\/"},"modified":"2024-03-08T14:25:19","modified_gmt":"2024-03-08T13:25:19","slug":"milu","status":"publish","type":"product","link":"https:\/\/www.promotio.sk\/sk\/shop\/promo-items\/mugs-cups-tableware\/mugs\/milu\/","title":{"rendered":"MILU"},"content":{"rendered":"<p>290 ml nerezov\u00fd poh\u00e1r s PP vie\u010dkom. Vychutnajte si svoje ob\u013e\u00faben\u00e9 n\u00e1poje, kdeko\u013evek chcete.<br \/>\n<br \/>Zlo\u017eenie: Nerezov\u00e1 oce\u013e.<br \/>Pozn\u00e1mky: Prezent\u00e1cia v dizajnovom boxe.<\/p>","protected":false},"excerpt":{"rendered":"<p>290 ml stainless steel cup with PP lid. Enjoy your favourite drinks, wherever you like. Composition: Stainless steel.Remarks: Presentation in<\/p>","protected":false},"featured_media":16970,"comment_status":"open","ping_status":"closed","template":"","meta":[],"product_cat":[374,372,371],"product_tag":[],"class_list":{"0":"post-16969","1":"product","2":"type-product","3":"status-publish","4":"has-post-thumbnail","6":"product_cat-cups-jars","7":"product_cat-mugs","8":"product_cat-mugs-cups-tableware","10":"first","11":"instock","12":"shipping-taxable","13":"purchasable","14":"product-type-variable"},"_links":{"self":[{"href":"https:\/\/www.promotio.sk\/sk\/wp-json\/wp\/v2\/product\/16969","targetHints":{"allow":["GET"]}}],"collection":[{"href":"https:\/\/www.promotio.sk\/sk\/wp-json\/wp\/v2\/product"}],"about":[{"href":"https:\/\/www.promotio.sk\/sk\/wp-json\/wp\/v2\/types\/product"}],"replies":[{"embeddable":true,"href":"https:\/\/www.promotio.sk\/sk\/wp-json\/wp\/v2\/comments?post=16969"}],"wp:featuredmedia":[{"embeddable":true,"href":"https:\/\/www.promotio.sk\/sk\/wp-json\/wp\/v2\/media\/16970"}],"wp:attachment":[{"href":"https:\/\/www.promotio.sk\/sk\/wp-json\/wp\/v2\/media?parent=16969"}],"wp:term":[{"taxonomy":"product_cat","embeddable":true,"href":"https:\/\/www.promotio.sk\/sk\/wp-json\/wp\/v2\/product_cat?post=16969"},{"taxonomy":"product_tag","embeddable":true,"href":"https:\/\/www.promotio.sk\/sk\/wp-json\/wp\/v2\/product_tag?post=16969"}],"curies":[{"name":"wp","href":"https:\/\/api.w.org\/{rel}","templated":true}]}}