{"id":16942,"date":"2024-03-08T14:20:53","date_gmt":"2024-03-08T13:20:53","guid":{"rendered":"https:\/\/www.promotio.sk\/shop\/nezaraden\u00e9\/zala\/"},"modified":"2024-03-08T14:21:48","modified_gmt":"2024-03-08T13:21:48","slug":"zala","status":"publish","type":"product","link":"https:\/\/www.promotio.sk\/sk\/shop\/promo-items\/mugs-cups-tableware\/mugs\/zala\/","title":{"rendered":"ZALA"},"content":{"rendered":"<p>Keramick\u00fd hrn\u010dek s objemom 350 ml s leskl\u00fdm povrchom. \u0160peci\u00e1lne pre laserov\u00e9 grav\u00edrovanie, s elegantn\u00fdm dizajnom. Dostupn\u00e9 v striebornej a zlatej farbe.<br \/>\n<br \/>Zlo\u017eenie: Keramika.<br \/>Pozn\u00e1mky: Prezent\u00e1cia v bielom r\u00e1m\u010deku.<br \/>\n***Nepou\u017e\u00edva\u0165 v mikrovlnnej r\u00fare***<\/p>","protected":false},"excerpt":{"rendered":"<p>Keramick\u00fd hrn\u010dek s objemom 350 ml s leskl\u00fdm povrchom. \u0160peci\u00e1lne pre laserov\u00e9 grav\u00edrovanie, s elegantn\u00fdm dizajnom. Dostupn\u00e9 v striebornej a zlatej farbe.<\/p>","protected":false},"featured_media":16943,"comment_status":"open","ping_status":"closed","template":"","meta":[],"product_cat":[372,371],"product_tag":[],"class_list":{"0":"post-16942","1":"product","2":"type-product","3":"status-publish","4":"has-post-thumbnail","6":"product_cat-mugs","7":"product_cat-mugs-cups-tableware","9":"first","10":"instock","11":"shipping-taxable","12":"purchasable","13":"product-type-variable"},"_links":{"self":[{"href":"https:\/\/www.promotio.sk\/sk\/wp-json\/wp\/v2\/product\/16942","targetHints":{"allow":["GET"]}}],"collection":[{"href":"https:\/\/www.promotio.sk\/sk\/wp-json\/wp\/v2\/product"}],"about":[{"href":"https:\/\/www.promotio.sk\/sk\/wp-json\/wp\/v2\/types\/product"}],"replies":[{"embeddable":true,"href":"https:\/\/www.promotio.sk\/sk\/wp-json\/wp\/v2\/comments?post=16942"}],"wp:featuredmedia":[{"embeddable":true,"href":"https:\/\/www.promotio.sk\/sk\/wp-json\/wp\/v2\/media\/16943"}],"wp:attachment":[{"href":"https:\/\/www.promotio.sk\/sk\/wp-json\/wp\/v2\/media?parent=16942"}],"wp:term":[{"taxonomy":"product_cat","embeddable":true,"href":"https:\/\/www.promotio.sk\/sk\/wp-json\/wp\/v2\/product_cat?post=16942"},{"taxonomy":"product_tag","embeddable":true,"href":"https:\/\/www.promotio.sk\/sk\/wp-json\/wp\/v2\/product_tag?post=16942"}],"curies":[{"name":"wp","href":"https:\/\/api.w.org\/{rel}","templated":true}]}}