{"id":16834,"date":"2024-03-08T14:10:24","date_gmt":"2024-03-08T13:10:24","guid":{"rendered":"https:\/\/www.promotio.sk\/shop\/nezaraden\u00e9\/papaya\/"},"modified":"2024-03-08T14:11:55","modified_gmt":"2024-03-08T13:11:55","slug":"papaya","status":"publish","type":"product","link":"https:\/\/www.promotio.sk\/sk\/shop\/promo-items\/mugs-cups-tableware\/mugs\/papaya\/","title":{"rendered":"PAPAYA"},"content":{"rendered":"<p>Keramick\u00fd hrn\u010dek s objemom 370 ml. V r\u00f4znych v\u00fdrazn\u00fdch farb\u00e1ch. Ak h\u013ead\u00e1te farebn\u00fd keramick\u00fd poh\u00e1r, toto je ten prav\u00fd pre v\u00e1s.<br \/>\nVhodn\u00e9 do mikrovlnnej r\u00fary a um\u00fdva\u010dky riadu.<br \/>\n<br \/>Zlo\u017eenie: Keramika<br \/>Pozn\u00e1mky: Prezent\u00e1cia v bielom r\u00e1m\u010deku.<\/p>","protected":false},"excerpt":{"rendered":"<p>370ml capacity ceramic mug. In a variety of bold colours. If you&#8217;re looking for a colourful ceramic cup, this is<\/p>","protected":false},"featured_media":16835,"comment_status":"open","ping_status":"closed","template":"","meta":[],"product_cat":[372,371],"product_tag":[],"class_list":{"0":"post-16834","1":"product","2":"type-product","3":"status-publish","4":"has-post-thumbnail","6":"product_cat-mugs","7":"product_cat-mugs-cups-tableware","9":"first","10":"instock","11":"shipping-taxable","12":"purchasable","13":"product-type-variable"},"_links":{"self":[{"href":"https:\/\/www.promotio.sk\/sk\/wp-json\/wp\/v2\/product\/16834","targetHints":{"allow":["GET"]}}],"collection":[{"href":"https:\/\/www.promotio.sk\/sk\/wp-json\/wp\/v2\/product"}],"about":[{"href":"https:\/\/www.promotio.sk\/sk\/wp-json\/wp\/v2\/types\/product"}],"replies":[{"embeddable":true,"href":"https:\/\/www.promotio.sk\/sk\/wp-json\/wp\/v2\/comments?post=16834"}],"wp:featuredmedia":[{"embeddable":true,"href":"https:\/\/www.promotio.sk\/sk\/wp-json\/wp\/v2\/media\/16835"}],"wp:attachment":[{"href":"https:\/\/www.promotio.sk\/sk\/wp-json\/wp\/v2\/media?parent=16834"}],"wp:term":[{"taxonomy":"product_cat","embeddable":true,"href":"https:\/\/www.promotio.sk\/sk\/wp-json\/wp\/v2\/product_cat?post=16834"},{"taxonomy":"product_tag","embeddable":true,"href":"https:\/\/www.promotio.sk\/sk\/wp-json\/wp\/v2\/product_tag?post=16834"}],"curies":[{"name":"wp","href":"https:\/\/api.w.org\/{rel}","templated":true}]}}