{"id":16598,"date":"2024-03-08T13:46:59","date_gmt":"2024-03-08T12:46:59","guid":{"rendered":"https:\/\/www.promotio.sk\/shop\/nezaraden\u00e9\/samui\/"},"modified":"2024-03-08T20:26:25","modified_gmt":"2024-03-08T19:26:25","slug":"samui","status":"publish","type":"product","link":"https:\/\/www.promotio.sk\/sk\/shop\/promo-items\/mugs-cups-tableware\/cups-jars\/samui\/","title":{"rendered":"SAMUI"},"content":{"rendered":"<p>Keramick\u00fd d\u017eb\u00e1n so \u0161peci\u00e1lnym sublima\u010dn\u00fdm leskom. Ide\u00e1lny d\u017eb\u00e1n na prisp\u00f4sobenie s inou kreativitou. Ve\u013ek\u00e1 kapacita 700 ml. Praktick\u00fd d\u017eb\u00e1n v\u010faka ve\u013ek\u00fdm r\u00fa\u010dkam.<br \/>Zlo\u017eenie: Cer\u00e1mica<br \/>Pozn\u00e1mky: Prezent\u00e1cia v bielom r\u00e1m\u010deku.<\/p>","protected":false},"excerpt":{"rendered":"<p>Ceramic jug with special sublimation gloss finish. Ideal pitcher to customize it with a different creativity. Large capacity 700ml. Practical<\/p>","protected":false},"featured_media":16599,"comment_status":"open","ping_status":"closed","template":"","meta":[],"product_cat":[374,371],"product_tag":[],"class_list":{"0":"post-16598","1":"product","2":"type-product","3":"status-publish","4":"has-post-thumbnail","6":"product_cat-cups-jars","7":"product_cat-mugs-cups-tableware","9":"first","10":"instock","11":"shipping-taxable","12":"purchasable","13":"product-type-variable"},"_links":{"self":[{"href":"https:\/\/www.promotio.sk\/sk\/wp-json\/wp\/v2\/product\/16598","targetHints":{"allow":["GET"]}}],"collection":[{"href":"https:\/\/www.promotio.sk\/sk\/wp-json\/wp\/v2\/product"}],"about":[{"href":"https:\/\/www.promotio.sk\/sk\/wp-json\/wp\/v2\/types\/product"}],"replies":[{"embeddable":true,"href":"https:\/\/www.promotio.sk\/sk\/wp-json\/wp\/v2\/comments?post=16598"}],"wp:featuredmedia":[{"embeddable":true,"href":"https:\/\/www.promotio.sk\/sk\/wp-json\/wp\/v2\/media\/16599"}],"wp:attachment":[{"href":"https:\/\/www.promotio.sk\/sk\/wp-json\/wp\/v2\/media?parent=16598"}],"wp:term":[{"taxonomy":"product_cat","embeddable":true,"href":"https:\/\/www.promotio.sk\/sk\/wp-json\/wp\/v2\/product_cat?post=16598"},{"taxonomy":"product_tag","embeddable":true,"href":"https:\/\/www.promotio.sk\/sk\/wp-json\/wp\/v2\/product_tag?post=16598"}],"curies":[{"name":"wp","href":"https:\/\/api.w.org\/{rel}","templated":true}]}}