{"id":16578,"date":"2024-03-08T13:45:14","date_gmt":"2024-03-08T12:45:14","guid":{"rendered":"https:\/\/www.promotio.sk\/shop\/nezaraden\u00e9\/ganda\/"},"modified":"2024-03-08T13:45:43","modified_gmt":"2024-03-08T12:45:43","slug":"ganda","status":"publish","type":"product","link":"https:\/\/www.promotio.sk\/sk\/shop\/promo-items\/party-events\/exhibitions\/ganda\/","title":{"rendered":"GANDA"},"content":{"rendered":"<p>Dr\u017eiak na odznak s hlin\u00edkovou prednou stranou. Bezpe\u010dnostn\u00fd \u0161pendl\u00edk s dvojit\u00fdm uz\u00e1verom.<br \/>Zlo\u017eenie: hlin\u00edk<\/p>","protected":false},"excerpt":{"rendered":"<p>Badge holder with aluminium front. Double clousure safety pin.Composition: Aluminium<\/p>","protected":false},"featured_media":16579,"comment_status":"open","ping_status":"closed","template":"","meta":[],"product_cat":[376,375],"product_tag":[],"class_list":{"0":"post-16578","1":"product","2":"type-product","3":"status-publish","4":"has-post-thumbnail","6":"product_cat-exhibitions","7":"product_cat-party-events","9":"first","10":"instock","11":"shipping-taxable","12":"purchasable","13":"product-type-variable"},"_links":{"self":[{"href":"https:\/\/www.promotio.sk\/sk\/wp-json\/wp\/v2\/product\/16578","targetHints":{"allow":["GET"]}}],"collection":[{"href":"https:\/\/www.promotio.sk\/sk\/wp-json\/wp\/v2\/product"}],"about":[{"href":"https:\/\/www.promotio.sk\/sk\/wp-json\/wp\/v2\/types\/product"}],"replies":[{"embeddable":true,"href":"https:\/\/www.promotio.sk\/sk\/wp-json\/wp\/v2\/comments?post=16578"}],"wp:featuredmedia":[{"embeddable":true,"href":"https:\/\/www.promotio.sk\/sk\/wp-json\/wp\/v2\/media\/16579"}],"wp:attachment":[{"href":"https:\/\/www.promotio.sk\/sk\/wp-json\/wp\/v2\/media?parent=16578"}],"wp:term":[{"taxonomy":"product_cat","embeddable":true,"href":"https:\/\/www.promotio.sk\/sk\/wp-json\/wp\/v2\/product_cat?post=16578"},{"taxonomy":"product_tag","embeddable":true,"href":"https:\/\/www.promotio.sk\/sk\/wp-json\/wp\/v2\/product_tag?post=16578"}],"curies":[{"name":"wp","href":"https:\/\/api.w.org\/{rel}","templated":true}]}}