{"id":16563,"date":"2024-03-08T13:43:13","date_gmt":"2024-03-08T12:43:13","guid":{"rendered":"https:\/\/www.promotio.sk\/shop\/nezaraden\u00e9\/daikon\/"},"modified":"2024-03-08T13:43:58","modified_gmt":"2024-03-08T12:43:58","slug":"daikon","status":"publish","type":"product","link":"https:\/\/www.promotio.sk\/sk\/shop\/promo-items\/mugs-cups-tableware\/take_away\/daikon\/","title":{"rendered":"DAIKON"},"content":{"rendered":"<p>Nerezov\u00fd obed\u00e1r 304 s bambusov\u00fdm vekom. Uzamykac\u00ed syst\u00e9m s bo\u010dn\u00fdmi prackami. Ve\u013ek\u00e1 kapacita 1 l na uskladnenie potrav\u00edn. Prisp\u00f4sobite\u013en\u00fd obed\u00e1r.<br \/>Zlo\u017eenie: nehrdzavej\u00faca oce\u013e 304.<br \/>Pozn\u00e1mky: Prezent\u00e1cia v ekologickom dizajnovom boxe.<br \/>\nKapacita 1 liter<\/p>","protected":false},"excerpt":{"rendered":"<p>304 stainless steel lunch box with bamboo lid. Locking system with side buckles. Large 1L capacity to store food. Customizable<\/p>","protected":false},"featured_media":16564,"comment_status":"open","ping_status":"closed","template":"","meta":[],"product_cat":[371,382],"product_tag":[],"class_list":{"0":"post-16563","1":"product","2":"type-product","3":"status-publish","4":"has-post-thumbnail","6":"product_cat-mugs-cups-tableware","7":"product_cat-take_away","9":"first","10":"instock","11":"shipping-taxable","12":"purchasable","13":"product-type-variable"},"_links":{"self":[{"href":"https:\/\/www.promotio.sk\/sk\/wp-json\/wp\/v2\/product\/16563","targetHints":{"allow":["GET"]}}],"collection":[{"href":"https:\/\/www.promotio.sk\/sk\/wp-json\/wp\/v2\/product"}],"about":[{"href":"https:\/\/www.promotio.sk\/sk\/wp-json\/wp\/v2\/types\/product"}],"replies":[{"embeddable":true,"href":"https:\/\/www.promotio.sk\/sk\/wp-json\/wp\/v2\/comments?post=16563"}],"wp:featuredmedia":[{"embeddable":true,"href":"https:\/\/www.promotio.sk\/sk\/wp-json\/wp\/v2\/media\/16564"}],"wp:attachment":[{"href":"https:\/\/www.promotio.sk\/sk\/wp-json\/wp\/v2\/media?parent=16563"}],"wp:term":[{"taxonomy":"product_cat","embeddable":true,"href":"https:\/\/www.promotio.sk\/sk\/wp-json\/wp\/v2\/product_cat?post=16563"},{"taxonomy":"product_tag","embeddable":true,"href":"https:\/\/www.promotio.sk\/sk\/wp-json\/wp\/v2\/product_tag?post=16563"}],"curies":[{"name":"wp","href":"https:\/\/api.w.org\/{rel}","templated":true}]}}