{"id":16555,"date":"2024-03-08T13:42:27","date_gmt":"2024-03-08T12:42:27","guid":{"rendered":"https:\/\/www.promotio.sk\/shop\/nezaraden\u00e9\/brena\/"},"modified":"2024-03-08T13:43:09","modified_gmt":"2024-03-08T12:43:09","slug":"brena","status":"publish","type":"product","link":"https:\/\/www.promotio.sk\/sk\/shop\/promo-items\/mugs-cups-tableware\/take_away\/brena\/","title":{"rendered":"BRENA"},"content":{"rendered":"<p>Nerezov\u00fd obed\u00e1r 304 s bezpe\u010dnostn\u00fdm uzamykac\u00edm syst\u00e9mom s bo\u010dn\u00fdmi prackami. Ve\u013ek\u00e1 kapacita s objemom 1,2 litra na ulo\u017eenie va\u0161ich potrav\u00edn.<br \/>Zlo\u017eenie: nehrdzavej\u00faca oce\u013e 304.<br \/>Pozn\u00e1mky: Prezent\u00e1cia v ekologickom dizajnovom boxe.<\/p>","protected":false},"excerpt":{"rendered":"<p>304 stainless steel lunch box with safety locking system with side buckles. Large capacity with 1.2 litres to store your<\/p>","protected":false},"featured_media":16556,"comment_status":"open","ping_status":"closed","template":"","meta":[],"product_cat":[371,382],"product_tag":[],"class_list":{"0":"post-16555","1":"product","2":"type-product","3":"status-publish","4":"has-post-thumbnail","6":"product_cat-mugs-cups-tableware","7":"product_cat-take_away","9":"first","10":"instock","11":"shipping-taxable","12":"purchasable","13":"product-type-variable"},"_links":{"self":[{"href":"https:\/\/www.promotio.sk\/sk\/wp-json\/wp\/v2\/product\/16555","targetHints":{"allow":["GET"]}}],"collection":[{"href":"https:\/\/www.promotio.sk\/sk\/wp-json\/wp\/v2\/product"}],"about":[{"href":"https:\/\/www.promotio.sk\/sk\/wp-json\/wp\/v2\/types\/product"}],"replies":[{"embeddable":true,"href":"https:\/\/www.promotio.sk\/sk\/wp-json\/wp\/v2\/comments?post=16555"}],"wp:featuredmedia":[{"embeddable":true,"href":"https:\/\/www.promotio.sk\/sk\/wp-json\/wp\/v2\/media\/16556"}],"wp:attachment":[{"href":"https:\/\/www.promotio.sk\/sk\/wp-json\/wp\/v2\/media?parent=16555"}],"wp:term":[{"taxonomy":"product_cat","embeddable":true,"href":"https:\/\/www.promotio.sk\/sk\/wp-json\/wp\/v2\/product_cat?post=16555"},{"taxonomy":"product_tag","embeddable":true,"href":"https:\/\/www.promotio.sk\/sk\/wp-json\/wp\/v2\/product_tag?post=16555"}],"curies":[{"name":"wp","href":"https:\/\/api.w.org\/{rel}","templated":true}]}}