{"id":16547,"date":"2024-03-08T13:41:39","date_gmt":"2024-03-08T12:41:39","guid":{"rendered":"https:\/\/www.promotio.sk\/shop\/nezaraden\u00e9\/korlan\/"},"modified":"2024-03-08T13:42:24","modified_gmt":"2024-03-08T12:42:24","slug":"korlan","status":"publish","type":"product","link":"https:\/\/www.promotio.sk\/sk\/shop\/promo-items\/mugs-cups-tableware\/take_away\/korlan\/","title":{"rendered":"KORLAN"},"content":{"rendered":"<p>Nerezov\u00fd obed\u00e1r 304 s bambusov\u00fdm vekom a polyesterovou bezpe\u010dnostnou p\u00e1skou. Kapacita 750 ml. Ide\u00e1lne na personaliz\u00e1ciu a propag\u00e1ciu va\u0161ej spolo\u010dnosti.<br \/>\n<br \/>Zlo\u017eenie: nehrdzavej\u00faca oce\u013e 304.<br \/>Pozn\u00e1mky: Prezent\u00e1cia v ekologickom dizajnovom boxe.<\/p>","protected":false},"excerpt":{"rendered":"<p>304 stainless steel lunchbox with bamboo lid and polyester safety band. 750 ml capacity. Ideal for personalizing and promoting your<\/p>","protected":false},"featured_media":16548,"comment_status":"open","ping_status":"closed","template":"","meta":[],"product_cat":[371,382],"product_tag":[],"class_list":{"0":"post-16547","1":"product","2":"type-product","3":"status-publish","4":"has-post-thumbnail","6":"product_cat-mugs-cups-tableware","7":"product_cat-take_away","9":"first","10":"instock","11":"shipping-taxable","12":"purchasable","13":"product-type-variable"},"_links":{"self":[{"href":"https:\/\/www.promotio.sk\/sk\/wp-json\/wp\/v2\/product\/16547","targetHints":{"allow":["GET"]}}],"collection":[{"href":"https:\/\/www.promotio.sk\/sk\/wp-json\/wp\/v2\/product"}],"about":[{"href":"https:\/\/www.promotio.sk\/sk\/wp-json\/wp\/v2\/types\/product"}],"replies":[{"embeddable":true,"href":"https:\/\/www.promotio.sk\/sk\/wp-json\/wp\/v2\/comments?post=16547"}],"wp:featuredmedia":[{"embeddable":true,"href":"https:\/\/www.promotio.sk\/sk\/wp-json\/wp\/v2\/media\/16548"}],"wp:attachment":[{"href":"https:\/\/www.promotio.sk\/sk\/wp-json\/wp\/v2\/media?parent=16547"}],"wp:term":[{"taxonomy":"product_cat","embeddable":true,"href":"https:\/\/www.promotio.sk\/sk\/wp-json\/wp\/v2\/product_cat?post=16547"},{"taxonomy":"product_tag","embeddable":true,"href":"https:\/\/www.promotio.sk\/sk\/wp-json\/wp\/v2\/product_tag?post=16547"}],"curies":[{"name":"wp","href":"https:\/\/api.w.org\/{rel}","templated":true}]}}