{"id":16517,"date":"2024-03-08T13:38:39","date_gmt":"2024-03-08T12:38:39","guid":{"rendered":"https:\/\/www.promotio.sk\/shop\/nezaraden\u00e9\/belver\/"},"modified":"2024-03-08T13:39:29","modified_gmt":"2024-03-08T12:39:29","slug":"belver","status":"publish","type":"product","link":"https:\/\/www.promotio.sk\/sk\/shop\/promo-items\/mugs-cups-tableware\/take_away\/belver\/","title":{"rendered":"BELVER"},"content":{"rendered":"<p>Fantastick\u00e1 sada pr\u00edborov z nehrdzavej\u00facej ocele v praktickom neopr\u00e9novom obale. Obsahuje vidli\u010dku, n\u00f4\u017e a ly\u017eicu, ide\u00e1lne na cesty.<br \/>\n<br \/>Zlo\u017eenie: nehrdzavej\u00faca oce\u013e a neopr\u00e9n.<\/p>","protected":false},"excerpt":{"rendered":"<p>Fantastic set of stainless steel cutlery presented in a practical neoprene case. Includes fork, knife and spoon, perfect for on<\/p>","protected":false},"featured_media":16518,"comment_status":"open","ping_status":"closed","template":"","meta":[],"product_cat":[371,382],"product_tag":[],"class_list":{"0":"post-16517","1":"product","2":"type-product","3":"status-publish","4":"has-post-thumbnail","6":"product_cat-mugs-cups-tableware","7":"product_cat-take_away","9":"first","10":"instock","11":"shipping-taxable","12":"purchasable","13":"product-type-variable"},"_links":{"self":[{"href":"https:\/\/www.promotio.sk\/sk\/wp-json\/wp\/v2\/product\/16517","targetHints":{"allow":["GET"]}}],"collection":[{"href":"https:\/\/www.promotio.sk\/sk\/wp-json\/wp\/v2\/product"}],"about":[{"href":"https:\/\/www.promotio.sk\/sk\/wp-json\/wp\/v2\/types\/product"}],"replies":[{"embeddable":true,"href":"https:\/\/www.promotio.sk\/sk\/wp-json\/wp\/v2\/comments?post=16517"}],"wp:featuredmedia":[{"embeddable":true,"href":"https:\/\/www.promotio.sk\/sk\/wp-json\/wp\/v2\/media\/16518"}],"wp:attachment":[{"href":"https:\/\/www.promotio.sk\/sk\/wp-json\/wp\/v2\/media?parent=16517"}],"wp:term":[{"taxonomy":"product_cat","embeddable":true,"href":"https:\/\/www.promotio.sk\/sk\/wp-json\/wp\/v2\/product_cat?post=16517"},{"taxonomy":"product_tag","embeddable":true,"href":"https:\/\/www.promotio.sk\/sk\/wp-json\/wp\/v2\/product_tag?post=16517"}],"curies":[{"name":"wp","href":"https:\/\/api.w.org\/{rel}","templated":true}]}}